{"id":4278,"date":"2024-09-23T02:37:03","date_gmt":"2024-09-23T02:37:03","guid":{"rendered":"https:\/\/cumberland.education\/demo\/?page_id=4278"},"modified":"2024-09-23T02:37:06","modified_gmt":"2024-09-23T02:37:06","slug":"pourquoi-cest-bon-de-faire-du-sport-tous-les-jours","status":"publish","type":"page","link":"https:\/\/cumberland.education\/demo\/pourquoi-cest-bon-de-faire-du-sport-tous-les-jours\/","title":{"rendered":"Pourquoi c&#8217;est bon de faire du sport tous les jours"},"content":{"rendered":"\n<h1 class=\"wp-block-heading\">Introduction <\/h1>\n\n\n\n<p>L\u2019a<a href=\"https:\/\/ciusssmcq.ca\/conseils-sante\/habitudes-de-vie\/activite-physique\/\">ctivit\u00e9 physique<\/a> ne se r\u00e9sume pas \u00e0 seulement faire des gros efforts physiques et \u00e0 se surmonter, elle apporte aussi un grand r\u00f4le sur le maintien d\u2019une bonne sant\u00e9 physique, am\u00e9liore le cardio et la fonction respiratoire. Le sport nous sert \u00e0 nous sentir mieux dans notre corps en diminuant l\u2019anxi\u00e9t\u00e9 et nous aide \u00e0 mieux dormir, ce qui est tr\u00e8s important. Sur cet article nous allons traiter tous les avantages, les motivations \u00e0 avoir et les conseils pour mieux nous adapter et appliquer le sport dans le quotidien.\u00a0<\/p>\n\n\n\n<figure class=\"wp-block-image size-full\"><img fetchpriority=\"high\" decoding=\"async\" width=\"296\" height=\"336\" src=\"https:\/\/cumberland.education\/demo\/wp-content\/uploads\/2024\/09\/bouger-tous-les-jours-grand-1.jpg\" alt=\"\" class=\"wp-image-4280\" srcset=\"https:\/\/cumberland.education\/demo\/wp-content\/uploads\/2024\/09\/bouger-tous-les-jours-grand-1.jpg 296w, https:\/\/cumberland.education\/demo\/wp-content\/uploads\/2024\/09\/bouger-tous-les-jours-grand-1-264x300.jpg 264w\" sizes=\"(max-width: 296px) 100vw, 296px\" \/><\/figure>\n\n\n\n<h2 class=\"wp-block-heading\"><em>Pourquoi l&#8217;exercice est Essentiel pour la Sant\u00e9 Physique<\/em><\/h2>\n\n\n\n<p>Le sport doit \u00eatre int\u00e9gr\u00e9 dans notre mode de vie pour plusieurs raisons qu\u2019on va aborder. Tout d\u2019abord ,il r\u00e9duit consid\u00e9rablement vos risques de maladies du c\u0153ur et d\u2019AVC, des \u00e9tudes nous montrent que lorsque nous pratiquons une activit\u00e9 physique nous sommes moins susceptibles d&#8217; avoir certaines maladies du c\u0153ur. Les bienfaits de celui ci manifestent quelques jours apr\u00e8s avoir fait l&#8217;activit\u00e9 en am\u00e9liorant la gestion et le sommeil, la sensation de se sentir plus \u00e9nerg\u00e9tique et plus d\u2019\u00e9tendu ne tardera pas.\u00a0 En int\u00e9grant le sport, vous am\u00e9liorez votre vie et r\u00e9duisez le risque de maladie.\u00a0<\/p>\n\n\n\n<h3 class=\"wp-block-heading\"><em>L&#8217;Impact Positif du Sport sur la Sant\u00e9 Mentale<\/em><\/h3>\n\n\n\n<p>De plus des avantages physiques, le sport est un rem\u00e8de essentiel \u00e0 la sant\u00e9 mentale et psychologique. Les bienfaits mentale sont beaucoup n\u00e9gliger car ils ne sont pas r\u00e9ellement visibles, avec celui ci nous tirons le meilleur d\u2019une situation et \u00e0 donner le meilleur de soi, nous prenons des meilleures d\u00e9cisions dans notre vie. En faisant seulement 30 minutes par jour, nous am\u00e9liorons non seulement notre humeur mais nous diminuons une grande partie de stress et d\u2019anxi\u00e9t\u00e9. Pour ce qui est des effets psychologiques, faire r\u00e9guli\u00e8rement de l&#8217;exercice fait de toi une nouvelle personne c&#8217;est-\u00e0-dire augmente consid\u00e9rablement l\u2019estime en soit en prenant des meilleures d\u00e9cisions dans la vie mais aussi en am\u00e9liorant les interactions de groupe.\u00a0\u00a0\u00a0<\/p>\n\n\n\n<h4 class=\"wp-block-heading\"><em>L&#8217;Importance d\u2019une Alimentation Adapt\u00e9e pour les Sportifs<\/em><\/h4>\n\n\n\n<p>Lorsqu&#8217;on pense au sport, on pense directement \u00e0 la nutrition, c\u2019est le premier pilier \u00e0 tenir en compte pour faire des activit\u00e9s physiques. Non seulement nous devons bien nous nourrir, mais aussi savoir quand faut manger certains aliments et \u00e0 quel moment faudrait manger pour bien r\u00e9cup\u00e9rer apr\u00e8s une activit\u00e9. Pour ce qui est des l\u00e9gumes, fruits, lait, etc. ils sont les principales sources de glucides, une source de carburant qui apporte l\u2019\u00e9nergie n\u00e9cessaire \u00e0 votre corps.\u00a0 Pour ce qui est des prot\u00e9ines, celle-ci permet de r\u00e9partir la masse musculaire et \u00e0 maintenir les glucose sanguins, la viande, les \u0153ufs et le poisson sont une bonne source de prot\u00e9ine.\u00a0<\/p>\n\n\n\n<figure class=\"wp-block-image size-full\"><img decoding=\"async\" width=\"600\" height=\"400\" src=\"https:\/\/cumberland.education\/demo\/wp-content\/uploads\/2024\/09\/bonne-alimentation-600x400-2.jpg\" alt=\"\" class=\"wp-image-4281\" srcset=\"https:\/\/cumberland.education\/demo\/wp-content\/uploads\/2024\/09\/bonne-alimentation-600x400-2.jpg 600w, https:\/\/cumberland.education\/demo\/wp-content\/uploads\/2024\/09\/bonne-alimentation-600x400-2-300x200.jpg 300w\" sizes=\"(max-width: 600px) 100vw, 600px\" \/><\/figure>\n\n\n\n<h5 class=\"wp-block-heading\"><em>L\u2019int\u00e9gration du sport dans la vie<\/em><\/h5>\n\n\n\n<p>Beaucoup de personnes pensent ne pas avoir le temps de pratiquer un exercice physique par peur de pas avoir le temps de compl\u00e9ter. Il existe plusieurs types pour faire du sport sans pour autant faire grand-chose. Le fait de faire une marche d&#8217;environ 30 minutes dehors devant la maison ou pendant votre pause de travail est un tr\u00e8s bel exercice pour vous garder en forme et en bonne sant\u00e9. Sinon seulement prendre les escaliers \u00e0 la place de prendre l&#8217;ascenseur peut avoir un bel impact.\u00a0<\/p>\n\n\n\n<h6 class=\"wp-block-heading\">Le sport, une armure contre le vieillissement\u00a0<\/h6>\n\n\n\n<p>Le sport est un excellent moyen pour rester en forme toute notre vie. Avec le temps nous devenant de moins en moins agiles et nous perdons l\u2019agilit\u00e9 que nous avons, par contre, si avec m\u00eame avec avec un grand \u00e2ge nous gardons le sport dans notre vie, nous aurons une meilleure mobilit\u00e9 et surtout nous r\u00e9duirons les risques de chute ou des cas de blessure.\u00a0<\/p>\n\n\n\n<h2 class=\"wp-block-heading\"><em><strong>Conclusion<\/strong><\/em><\/h2>\n\n\n\n<p>En conclusion, appliquer le sport dans la vie n\u2019est pas seulement une bonne chose niveau physique mais aussi mental. Avec <a href=\"https:\/\/cumberland.education\/demo\/wp-admin\/post.php?post=3933&amp;action=edit\">ce blog<\/a>, que ce soit pour la premi\u00e8re fois ou pas, choisissez un sport ou une activit\u00e9 physique qui vous convient et foncez !<\/p>\n","protected":false},"excerpt":{"rendered":"<p>Introduction L\u2019activit\u00e9 physique ne se r\u00e9sume pas \u00e0 seulement faire des gros efforts physiques et \u00e0 se surmonter, elle apporte aussi un grand r\u00f4le sur le maintien d\u2019une bonne sant\u00e9 physique, am\u00e9liore le cardio et la fonction respiratoire. Le sport nous sert \u00e0 nous sentir mieux dans notre corps en diminuant l\u2019anxi\u00e9t\u00e9 et nous aide [&hellip;]<\/p>\n","protected":false},"author":63,"featured_media":0,"parent":0,"menu_order":0,"comment_status":"closed","ping_status":"closed","template":"","meta":{"footnotes":""},"class_list":["post-4278","page","type-page","status-publish","hentry","entry"],"yoast_head":"<!-- This site is optimized with the Yoast SEO plugin v23.6 - https:\/\/yoast.com\/wordpress\/plugins\/seo\/ -->\n<title>Pourquoi c&#039;est bon de faire du sport tous les jours - Photohen<\/title>\n<meta name=\"description\" content=\"Voici notre blog sur les nombreux bienfaits du sport sur votre sant\u00e9 physique et mentale avec les conseilles pour l&#039;int\u00e9grer facilement !\" \/>\n<meta name=\"robots\" content=\"index, follow, max-snippet:-1, max-image-preview:large, max-video-preview:-1\" \/>\n<link rel=\"canonical\" href=\"https:\/\/cumberland.education\/demo\/pourquoi-cest-bon-de-faire-du-sport-tous-les-jours\/\" \/>\n<meta property=\"og:locale\" content=\"fr_CA\" \/>\n<meta property=\"og:type\" content=\"article\" \/>\n<meta property=\"og:title\" content=\"Pourquoi c&#039;est bon de faire du sport tous les jours - Photohen\" \/>\n<meta property=\"og:description\" content=\"Voici notre blog sur les nombreux bienfaits du sport sur votre sant\u00e9 physique et mentale avec les conseilles pour l&#039;int\u00e9grer facilement !\" \/>\n<meta property=\"og:url\" content=\"https:\/\/cumberland.education\/demo\/pourquoi-cest-bon-de-faire-du-sport-tous-les-jours\/\" \/>\n<meta property=\"og:site_name\" content=\"Photohen\" \/>\n<meta property=\"article:modified_time\" content=\"2024-09-23T02:37:06+00:00\" \/>\n<meta property=\"og:image\" content=\"https:\/\/cumberland.education\/demo\/wp-content\/uploads\/2024\/09\/bouger-tous-les-jours-grand-1.jpg\" \/>\n<meta name=\"twitter:card\" content=\"summary_large_image\" \/>\n<meta name=\"twitter:label1\" content=\"Estimation du temps de lecture\" \/>\n\t<meta name=\"twitter:data1\" content=\"4 minutes\" \/>\n<script type=\"application\/ld+json\" class=\"yoast-schema-graph\">{\"@context\":\"https:\/\/schema.org\",\"@graph\":[{\"@type\":\"WebPage\",\"@id\":\"https:\/\/cumberland.education\/demo\/pourquoi-cest-bon-de-faire-du-sport-tous-les-jours\/\",\"url\":\"https:\/\/cumberland.education\/demo\/pourquoi-cest-bon-de-faire-du-sport-tous-les-jours\/\",\"name\":\"Pourquoi c'est bon de faire du sport tous les jours - Photohen\",\"isPartOf\":{\"@id\":\"https:\/\/cumberland.education\/demo\/#website\"},\"primaryImageOfPage\":{\"@id\":\"https:\/\/cumberland.education\/demo\/pourquoi-cest-bon-de-faire-du-sport-tous-les-jours\/#primaryimage\"},\"image\":{\"@id\":\"https:\/\/cumberland.education\/demo\/pourquoi-cest-bon-de-faire-du-sport-tous-les-jours\/#primaryimage\"},\"thumbnailUrl\":\"https:\/\/cumberland.education\/demo\/wp-content\/uploads\/2024\/09\/bouger-tous-les-jours-grand-1.jpg\",\"datePublished\":\"2024-09-23T02:37:03+00:00\",\"dateModified\":\"2024-09-23T02:37:06+00:00\",\"description\":\"Voici notre blog sur les nombreux bienfaits du sport sur votre sant\u00e9 physique et mentale avec les conseilles pour l'int\u00e9grer facilement !\",\"breadcrumb\":{\"@id\":\"https:\/\/cumberland.education\/demo\/pourquoi-cest-bon-de-faire-du-sport-tous-les-jours\/#breadcrumb\"},\"inLanguage\":\"fr-CA\",\"potentialAction\":[{\"@type\":\"ReadAction\",\"target\":[\"https:\/\/cumberland.education\/demo\/pourquoi-cest-bon-de-faire-du-sport-tous-les-jours\/\"]}]},{\"@type\":\"ImageObject\",\"inLanguage\":\"fr-CA\",\"@id\":\"https:\/\/cumberland.education\/demo\/pourquoi-cest-bon-de-faire-du-sport-tous-les-jours\/#primaryimage\",\"url\":\"https:\/\/cumberland.education\/demo\/wp-content\/uploads\/2024\/09\/bouger-tous-les-jours-grand-1.jpg\",\"contentUrl\":\"https:\/\/cumberland.education\/demo\/wp-content\/uploads\/2024\/09\/bouger-tous-les-jours-grand-1.jpg\",\"width\":296,\"height\":336},{\"@type\":\"BreadcrumbList\",\"@id\":\"https:\/\/cumberland.education\/demo\/pourquoi-cest-bon-de-faire-du-sport-tous-les-jours\/#breadcrumb\",\"itemListElement\":[{\"@type\":\"ListItem\",\"position\":1,\"name\":\"Home\",\"item\":\"https:\/\/cumberland.education\/demo\/\"},{\"@type\":\"ListItem\",\"position\":2,\"name\":\"Pourquoi c&rsquo;est bon de faire du sport tous les jours\"}]},{\"@type\":\"WebSite\",\"@id\":\"https:\/\/cumberland.education\/demo\/#website\",\"url\":\"https:\/\/cumberland.education\/demo\/\",\"name\":\"Photohen\",\"description\":\"Immortalisez vos moments pr\u00e9cieux avec Photohen\",\"publisher\":{\"@id\":\"https:\/\/cumberland.education\/demo\/#organization\"},\"potentialAction\":[{\"@type\":\"SearchAction\",\"target\":{\"@type\":\"EntryPoint\",\"urlTemplate\":\"https:\/\/cumberland.education\/demo\/?s={search_term_string}\"},\"query-input\":{\"@type\":\"PropertyValueSpecification\",\"valueRequired\":true,\"valueName\":\"search_term_string\"}}],\"inLanguage\":\"fr-CA\"},{\"@type\":\"Organization\",\"@id\":\"https:\/\/cumberland.education\/demo\/#organization\",\"name\":\"Photohen\",\"url\":\"https:\/\/cumberland.education\/demo\/\",\"logo\":{\"@type\":\"ImageObject\",\"inLanguage\":\"fr-CA\",\"@id\":\"https:\/\/cumberland.education\/demo\/#\/schema\/logo\/image\/\",\"url\":\"https:\/\/cumberland.education\/demo\/wp-content\/uploads\/2024\/11\/cropped-logo-2-bon.jpg\",\"contentUrl\":\"https:\/\/cumberland.education\/demo\/wp-content\/uploads\/2024\/11\/cropped-logo-2-bon.jpg\",\"width\":512,\"height\":512,\"caption\":\"Photohen\"},\"image\":{\"@id\":\"https:\/\/cumberland.education\/demo\/#\/schema\/logo\/image\/\"}}]}<\/script>\n<!-- \/ Yoast SEO plugin. -->","yoast_head_json":{"title":"Pourquoi c'est bon de faire du sport tous les jours - Photohen","description":"Voici notre blog sur les nombreux bienfaits du sport sur votre sant\u00e9 physique et mentale avec les conseilles pour l'int\u00e9grer facilement !","robots":{"index":"index","follow":"follow","max-snippet":"max-snippet:-1","max-image-preview":"max-image-preview:large","max-video-preview":"max-video-preview:-1"},"canonical":"https:\/\/cumberland.education\/demo\/pourquoi-cest-bon-de-faire-du-sport-tous-les-jours\/","og_locale":"fr_CA","og_type":"article","og_title":"Pourquoi c'est bon de faire du sport tous les jours - Photohen","og_description":"Voici notre blog sur les nombreux bienfaits du sport sur votre sant\u00e9 physique et mentale avec les conseilles pour l'int\u00e9grer facilement !","og_url":"https:\/\/cumberland.education\/demo\/pourquoi-cest-bon-de-faire-du-sport-tous-les-jours\/","og_site_name":"Photohen","article_modified_time":"2024-09-23T02:37:06+00:00","og_image":[{"url":"https:\/\/cumberland.education\/demo\/wp-content\/uploads\/2024\/09\/bouger-tous-les-jours-grand-1.jpg"}],"twitter_card":"summary_large_image","twitter_misc":{"Estimation du temps de lecture":"4 minutes"},"schema":{"@context":"https:\/\/schema.org","@graph":[{"@type":"WebPage","@id":"https:\/\/cumberland.education\/demo\/pourquoi-cest-bon-de-faire-du-sport-tous-les-jours\/","url":"https:\/\/cumberland.education\/demo\/pourquoi-cest-bon-de-faire-du-sport-tous-les-jours\/","name":"Pourquoi c'est bon de faire du sport tous les jours - Photohen","isPartOf":{"@id":"https:\/\/cumberland.education\/demo\/#website"},"primaryImageOfPage":{"@id":"https:\/\/cumberland.education\/demo\/pourquoi-cest-bon-de-faire-du-sport-tous-les-jours\/#primaryimage"},"image":{"@id":"https:\/\/cumberland.education\/demo\/pourquoi-cest-bon-de-faire-du-sport-tous-les-jours\/#primaryimage"},"thumbnailUrl":"https:\/\/cumberland.education\/demo\/wp-content\/uploads\/2024\/09\/bouger-tous-les-jours-grand-1.jpg","datePublished":"2024-09-23T02:37:03+00:00","dateModified":"2024-09-23T02:37:06+00:00","description":"Voici notre blog sur les nombreux bienfaits du sport sur votre sant\u00e9 physique et mentale avec les conseilles pour l'int\u00e9grer facilement !","breadcrumb":{"@id":"https:\/\/cumberland.education\/demo\/pourquoi-cest-bon-de-faire-du-sport-tous-les-jours\/#breadcrumb"},"inLanguage":"fr-CA","potentialAction":[{"@type":"ReadAction","target":["https:\/\/cumberland.education\/demo\/pourquoi-cest-bon-de-faire-du-sport-tous-les-jours\/"]}]},{"@type":"ImageObject","inLanguage":"fr-CA","@id":"https:\/\/cumberland.education\/demo\/pourquoi-cest-bon-de-faire-du-sport-tous-les-jours\/#primaryimage","url":"https:\/\/cumberland.education\/demo\/wp-content\/uploads\/2024\/09\/bouger-tous-les-jours-grand-1.jpg","contentUrl":"https:\/\/cumberland.education\/demo\/wp-content\/uploads\/2024\/09\/bouger-tous-les-jours-grand-1.jpg","width":296,"height":336},{"@type":"BreadcrumbList","@id":"https:\/\/cumberland.education\/demo\/pourquoi-cest-bon-de-faire-du-sport-tous-les-jours\/#breadcrumb","itemListElement":[{"@type":"ListItem","position":1,"name":"Home","item":"https:\/\/cumberland.education\/demo\/"},{"@type":"ListItem","position":2,"name":"Pourquoi c&rsquo;est bon de faire du sport tous les jours"}]},{"@type":"WebSite","@id":"https:\/\/cumberland.education\/demo\/#website","url":"https:\/\/cumberland.education\/demo\/","name":"Photohen","description":"Immortalisez vos moments pr\u00e9cieux avec Photohen","publisher":{"@id":"https:\/\/cumberland.education\/demo\/#organization"},"potentialAction":[{"@type":"SearchAction","target":{"@type":"EntryPoint","urlTemplate":"https:\/\/cumberland.education\/demo\/?s={search_term_string}"},"query-input":{"@type":"PropertyValueSpecification","valueRequired":true,"valueName":"search_term_string"}}],"inLanguage":"fr-CA"},{"@type":"Organization","@id":"https:\/\/cumberland.education\/demo\/#organization","name":"Photohen","url":"https:\/\/cumberland.education\/demo\/","logo":{"@type":"ImageObject","inLanguage":"fr-CA","@id":"https:\/\/cumberland.education\/demo\/#\/schema\/logo\/image\/","url":"https:\/\/cumberland.education\/demo\/wp-content\/uploads\/2024\/11\/cropped-logo-2-bon.jpg","contentUrl":"https:\/\/cumberland.education\/demo\/wp-content\/uploads\/2024\/11\/cropped-logo-2-bon.jpg","width":512,"height":512,"caption":"Photohen"},"image":{"@id":"https:\/\/cumberland.education\/demo\/#\/schema\/logo\/image\/"}}]}},"_links":{"self":[{"href":"https:\/\/cumberland.education\/demo\/wp-json\/wp\/v2\/pages\/4278","targetHints":{"allow":["GET"]}}],"collection":[{"href":"https:\/\/cumberland.education\/demo\/wp-json\/wp\/v2\/pages"}],"about":[{"href":"https:\/\/cumberland.education\/demo\/wp-json\/wp\/v2\/types\/page"}],"author":[{"embeddable":true,"href":"https:\/\/cumberland.education\/demo\/wp-json\/wp\/v2\/users\/63"}],"replies":[{"embeddable":true,"href":"https:\/\/cumberland.education\/demo\/wp-json\/wp\/v2\/comments?post=4278"}],"version-history":[{"count":1,"href":"https:\/\/cumberland.education\/demo\/wp-json\/wp\/v2\/pages\/4278\/revisions"}],"predecessor-version":[{"id":4282,"href":"https:\/\/cumberland.education\/demo\/wp-json\/wp\/v2\/pages\/4278\/revisions\/4282"}],"wp:attachment":[{"href":"https:\/\/cumberland.education\/demo\/wp-json\/wp\/v2\/media?parent=4278"}],"curies":[{"name":"wp","href":"https:\/\/api.w.org\/{rel}","templated":true}]}}