{"id":3101,"date":"2024-09-12T14:50:30","date_gmt":"2024-09-12T14:50:30","guid":{"rendered":"https:\/\/cumberland.education\/demo\/?page_id=3101"},"modified":"2024-09-12T15:48:05","modified_gmt":"2024-09-12T15:48:05","slug":"nos-services-de-redaction-et-de-copywriting-web","status":"publish","type":"page","link":"https:\/\/cumberland.education\/demo\/nos-services-de-redaction-et-de-copywriting-web\/","title":{"rendered":"Nos Services de R\u00e9daction et de Copywriting Web"},"content":{"rendered":"\n<figure class=\"wp-block-image size-large\"><img fetchpriority=\"high\" decoding=\"async\" width=\"1024\" height=\"679\" src=\"https:\/\/cumberland.education\/demo\/wp-content\/uploads\/2024\/09\/Capture-decran-2021-07-08-a-12.55.18-1-1024x679.png\" alt=\"\" class=\"wp-image-3104\" srcset=\"https:\/\/cumberland.education\/demo\/wp-content\/uploads\/2024\/09\/Capture-decran-2021-07-08-a-12.55.18-1-1024x679.png 1024w, https:\/\/cumberland.education\/demo\/wp-content\/uploads\/2024\/09\/Capture-decran-2021-07-08-a-12.55.18-1-300x199.png 300w, https:\/\/cumberland.education\/demo\/wp-content\/uploads\/2024\/09\/Capture-decran-2021-07-08-a-12.55.18-1-768x510.png 768w, https:\/\/cumberland.education\/demo\/wp-content\/uploads\/2024\/09\/Capture-decran-2021-07-08-a-12.55.18-1-600x398.png 600w, https:\/\/cumberland.education\/demo\/wp-content\/uploads\/2024\/09\/Capture-decran-2021-07-08-a-12.55.18-1.png 1061w\" sizes=\"(max-width: 1024px) 100vw, 1024px\" \/><\/figure>\n\n\n\n<p>nous vous accompagnons dans la cr\u00e9ation de contenus puissants et optimis\u00e9s pour le web, afin d&#8217;attirer, captiver et convertir votre audience. Notre \u00e9quipe de r\u00e9dacteurs et de copywriters professionnels con\u00e7oit des textes sur mesure, parfaitement adapt\u00e9s \u00e0 votre image de marque et \u00e0 vos objectifs.<\/p>\n\n\n\n<p>Nous proposons la r\u00e9daction de contenu web, un service cl\u00e9 pour vous assurer des textes engageants et adapt\u00e9s \u00e0 votre site internet. Que ce soit pour vos pages d&#8217;accueil, de services, ou produits, nous mettons un point d&#8217;honneur \u00e0 cr\u00e9er un contenu clair, convaincant et en accord avec les attentes de votre audience. Chaque mot est soigneusement choisi pour am\u00e9liorer l\u2019exp\u00e9rience utilisateur et refl\u00e9ter l&#8217;essence de votre marque.<\/p>\n\n\n\n<p>Nous ma\u00eetrisons \u00e9galement l\u2019art du&nbsp;<strong>copywriting publicitaire<\/strong>, indispensable pour vos campagnes marketing. Nos experts cr\u00e9ent des textes accrocheurs pour vos annonces Google Ads, Facebook Ads, ou encore vos banni\u00e8res publicitaires, avec un seul objectif : convertir vos prospects en clients. Gr\u00e2ce \u00e0 un langage cibl\u00e9 et des messages impactants, nous faisons en sorte que vos campagnes publicitaires g\u00e9n\u00e8rent des r\u00e9sultats.<\/p>\n\n\n\n<p>Si vous souhaitez am\u00e9liorer votre r\u00e9f\u00e9rencement naturel, notre service de r\u00e9daction d&#8217;articles de blog SEO est fait pour vous. Nous r\u00e9digeons des articles optimis\u00e9s pour les moteurs de recherche, en int\u00e9grant intelligemment des mots-cl\u00e9s strat\u00e9giques. Ce contenu, pertinent et utile pour vos lecteurs, augmente la visibilit\u00e9 de votre site tout en renfor\u00e7ant votre autorit\u00e9 dans votre domaine.<\/p>\n\n\n\n<p>Pour vos&nbsp;<strong>landing pages<\/strong>, nous cr\u00e9ons des textes con\u00e7us pour transformer les visiteurs en prospects ou clients. Chaque page est optimis\u00e9e pour convertir gr\u00e2ce \u00e0 un contenu persuasif, orient\u00e9 vers l&#8217;action et parfaitement adapt\u00e9 \u00e0 l&#8217;objectif de la campagne. De la mise en valeur des b\u00e9n\u00e9fices \u00e0 l\u2019appel \u00e0 l\u2019action, nous maximisons les chances de r\u00e9ussite de vos pages d&#8217;atterrissage.<\/p>\n\n\n\n<p>Nous proposons aussi des services de r\u00e9daction pour vos campagnes d\u2019<strong>emails marketing<\/strong>. Que vous ayez besoin d&#8217;une newsletter engageante ou d&#8217;une s\u00e9quence d&#8217;emails promotionnels, nous r\u00e9digeons des emails qui augmentent vos taux d\u2019ouverture, de clics et de conversion. Avec des messages con\u00e7us pour toucher vos cibles, vous renforcez la relation avec vos clients et prospects. <\/p>\n\n\n\n<p>Nous cr\u00e9ons \u00e9galement des\u00a0<strong>fiches produits<\/strong>\u00a0optimis\u00e9es pour les sites e-commerce. Des descriptions d\u00e9taill\u00e9es et convaincantes sont essentielles pour attirer l&#8217;attention des clients potentiels et les inciter \u00e0 acheter. Nos r\u00e9dacteurs r\u00e9digent des descriptions qui mettent en avant les avantages de vos produits, tout en am\u00e9liorant leur classement dans les moteurs de recherche gr\u00e2ce \u00e0 des techniques SEO adapt\u00e9es.<\/p>\n\n\n\n<p>Pour les entreprises cherchant \u00e0 communiquer de mani\u00e8re innovante, nous proposons la r\u00e9daction de&nbsp;<strong>scripts pour vid\u00e9os<\/strong>et&nbsp;<strong>podcasts<\/strong>. Que ce soit pour des vid\u00e9os promotionnelles, des tutoriels ou des podcasts d\u2019entreprise, nous concevons des scripts clairs, captivants et en accord avec votre identit\u00e9 de marque. Nous vous aidons \u00e0 transmettre efficacement votre message tout en engageant votre audience.<\/p>\n\n\n\n<p>En ce qui concerne les&nbsp;<strong>r\u00e9seaux sociaux<\/strong>, nous vous accompagnons dans la cr\u00e9ation de contenu impactant pour vos diff\u00e9rentes plateformes. Nos experts cr\u00e9ent des publications qui suscitent l\u2019engagement, renforcent votre pr\u00e9sence en ligne et stimulent les interactions avec votre communaut\u00e9. Des textes soigneusement r\u00e9dig\u00e9s, combin\u00e9s \u00e0 une strat\u00e9gie de contenu adapt\u00e9e, permettent de maximiser votre visibilit\u00e9 et votre influence sur les r\u00e9seaux sociaux.<\/p>\n\n\n\n<p>Si vous souhaitez d\u00e9montrer votre expertise dans votre domaine, nous r\u00e9digeons des&nbsp;<strong>guides<\/strong>&nbsp;et&nbsp;<strong>ebooks<\/strong>&nbsp;complets qui apportent une r\u00e9elle valeur ajout\u00e9e \u00e0 vos lecteurs. Ces contenus longs sont non seulement utiles pour votre audience, mais ils servent \u00e9galement de levier pour g\u00e9n\u00e9rer des leads qualifi\u00e9s et renforcer votre image d&#8217;expert dans votre secteur.<\/p>\n\n\n\n<p>Nous offrons \u00e9galement un service complet de&nbsp;<strong>strat\u00e9gie de contenu<\/strong>, con\u00e7u pour vous aider \u00e0 planifier et \u00e0 organiser vos efforts de communication. De l&#8217;\u00e9laboration d\u2019un calendrier \u00e9ditorial \u00e0 la cr\u00e9ation de contenus optimis\u00e9s pour le SEO, nous vous accompagnons \u00e0 chaque \u00e9tape pour garantir une coh\u00e9rence dans votre discours et une efficacit\u00e9 maximale de vos actions marketing en ligne.<\/p>\n\n\n\n<p>Enfin, si vous \u00eates en pleine transformation avec un\u00a0<strong>rebranding<\/strong>\u00a0ou une\u00a0<strong>refonte de votre site web<\/strong>, nous vous aidons \u00e0 r\u00e9\u00e9crire vos contenus pour qu&#8217;ils correspondent \u00e0 votre nouvelle identit\u00e9 tout en restant optimis\u00e9s pour le r\u00e9f\u00e9rencement et orient\u00e9s vers l&#8217;engagement de vos utilisateurs. Nos experts s\u2019assurent que chaque mot soit align\u00e9 avec vos nouvelles valeurs, tout en gardant \u00e0 l\u2019esprit vos objectifs de visibilit\u00e9 et de conversion. <\/p>\n\n\n\n<p>Notre agence se  positionne comme votre partenaire cl\u00e9 pour transformer vos id\u00e9es en contenu \u00e9crit de qualit\u00e9. Nous combinons expertise en r\u00e9daction, techniques de copywriting avanc\u00e9es et strat\u00e9gies SEO pour garantir que votre message soit vu, entendu et ressenti par votre audience cible. Contactez-nous d\u00e8s aujourd\u2019hui pour d\u00e9couvrir comment nos services peuvent propulser votre marque en ligne et vous aider \u00e0 atteindre vos objectifs.<\/p>\n\n\n\n<p><\/p>\n","protected":false},"excerpt":{"rendered":"<p>nous vous accompagnons dans la cr\u00e9ation de contenus puissants et optimis\u00e9s pour le web, afin d&#8217;attirer, captiver et convertir votre audience. Notre \u00e9quipe de r\u00e9dacteurs et de copywriters professionnels con\u00e7oit des textes sur mesure, parfaitement adapt\u00e9s \u00e0 votre image de marque et \u00e0 vos objectifs. Nous proposons la r\u00e9daction de contenu web, un service cl\u00e9 [&hellip;]<\/p>\n","protected":false},"author":81,"featured_media":0,"parent":0,"menu_order":0,"comment_status":"closed","ping_status":"closed","template":"","meta":{"footnotes":""},"class_list":["post-3101","page","type-page","status-publish","hentry","entry"],"yoast_head":"<!-- This site is optimized with the Yoast SEO plugin v23.6 - https:\/\/yoast.com\/wordpress\/plugins\/seo\/ -->\n<title>Nos Services de R\u00e9daction et de Copywriting Web - Photohen<\/title>\n<meta name=\"robots\" content=\"index, follow, max-snippet:-1, max-image-preview:large, max-video-preview:-1\" \/>\n<link rel=\"canonical\" href=\"https:\/\/cumberland.education\/demo\/nos-services-de-redaction-et-de-copywriting-web\/\" \/>\n<meta property=\"og:locale\" content=\"fr_CA\" \/>\n<meta property=\"og:type\" content=\"article\" \/>\n<meta property=\"og:title\" content=\"Nos Services de R\u00e9daction et de Copywriting Web - Photohen\" \/>\n<meta property=\"og:description\" content=\"nous vous accompagnons dans la cr\u00e9ation de contenus puissants et optimis\u00e9s pour le web, afin d&#8217;attirer, captiver et convertir votre audience. Notre \u00e9quipe de r\u00e9dacteurs et de copywriters professionnels con\u00e7oit des textes sur mesure, parfaitement adapt\u00e9s \u00e0 votre image de marque et \u00e0 vos objectifs. Nous proposons la r\u00e9daction de contenu web, un service cl\u00e9 [&hellip;]\" \/>\n<meta property=\"og:url\" content=\"https:\/\/cumberland.education\/demo\/nos-services-de-redaction-et-de-copywriting-web\/\" \/>\n<meta property=\"og:site_name\" content=\"Photohen\" \/>\n<meta property=\"article:modified_time\" content=\"2024-09-12T15:48:05+00:00\" \/>\n<meta property=\"og:image\" content=\"https:\/\/cumberland.education\/demo\/wp-content\/uploads\/2024\/09\/Capture-decran-2021-07-08-a-12.55.18-1-1024x679.png\" \/>\n<meta name=\"twitter:card\" content=\"summary_large_image\" \/>\n<meta name=\"twitter:label1\" content=\"Estimation du temps de lecture\" \/>\n\t<meta name=\"twitter:data1\" content=\"5 minutes\" \/>\n<script type=\"application\/ld+json\" class=\"yoast-schema-graph\">{\"@context\":\"https:\/\/schema.org\",\"@graph\":[{\"@type\":\"WebPage\",\"@id\":\"https:\/\/cumberland.education\/demo\/nos-services-de-redaction-et-de-copywriting-web\/\",\"url\":\"https:\/\/cumberland.education\/demo\/nos-services-de-redaction-et-de-copywriting-web\/\",\"name\":\"Nos Services de R\u00e9daction et de Copywriting Web - Photohen\",\"isPartOf\":{\"@id\":\"https:\/\/cumberland.education\/demo\/#website\"},\"primaryImageOfPage\":{\"@id\":\"https:\/\/cumberland.education\/demo\/nos-services-de-redaction-et-de-copywriting-web\/#primaryimage\"},\"image\":{\"@id\":\"https:\/\/cumberland.education\/demo\/nos-services-de-redaction-et-de-copywriting-web\/#primaryimage\"},\"thumbnailUrl\":\"https:\/\/cumberland.education\/demo\/wp-content\/uploads\/2024\/09\/Capture-decran-2021-07-08-a-12.55.18-1-1024x679.png\",\"datePublished\":\"2024-09-12T14:50:30+00:00\",\"dateModified\":\"2024-09-12T15:48:05+00:00\",\"breadcrumb\":{\"@id\":\"https:\/\/cumberland.education\/demo\/nos-services-de-redaction-et-de-copywriting-web\/#breadcrumb\"},\"inLanguage\":\"fr-CA\",\"potentialAction\":[{\"@type\":\"ReadAction\",\"target\":[\"https:\/\/cumberland.education\/demo\/nos-services-de-redaction-et-de-copywriting-web\/\"]}]},{\"@type\":\"ImageObject\",\"inLanguage\":\"fr-CA\",\"@id\":\"https:\/\/cumberland.education\/demo\/nos-services-de-redaction-et-de-copywriting-web\/#primaryimage\",\"url\":\"https:\/\/cumberland.education\/demo\/wp-content\/uploads\/2024\/09\/Capture-decran-2021-07-08-a-12.55.18-1.png\",\"contentUrl\":\"https:\/\/cumberland.education\/demo\/wp-content\/uploads\/2024\/09\/Capture-decran-2021-07-08-a-12.55.18-1.png\",\"width\":1061,\"height\":704},{\"@type\":\"BreadcrumbList\",\"@id\":\"https:\/\/cumberland.education\/demo\/nos-services-de-redaction-et-de-copywriting-web\/#breadcrumb\",\"itemListElement\":[{\"@type\":\"ListItem\",\"position\":1,\"name\":\"Home\",\"item\":\"https:\/\/cumberland.education\/demo\/\"},{\"@type\":\"ListItem\",\"position\":2,\"name\":\"Nos Services de R\u00e9daction et de Copywriting Web\"}]},{\"@type\":\"WebSite\",\"@id\":\"https:\/\/cumberland.education\/demo\/#website\",\"url\":\"https:\/\/cumberland.education\/demo\/\",\"name\":\"Photohen\",\"description\":\"Immortalisez vos moments pr\u00e9cieux avec Photohen\",\"publisher\":{\"@id\":\"https:\/\/cumberland.education\/demo\/#organization\"},\"potentialAction\":[{\"@type\":\"SearchAction\",\"target\":{\"@type\":\"EntryPoint\",\"urlTemplate\":\"https:\/\/cumberland.education\/demo\/?s={search_term_string}\"},\"query-input\":{\"@type\":\"PropertyValueSpecification\",\"valueRequired\":true,\"valueName\":\"search_term_string\"}}],\"inLanguage\":\"fr-CA\"},{\"@type\":\"Organization\",\"@id\":\"https:\/\/cumberland.education\/demo\/#organization\",\"name\":\"Photohen\",\"url\":\"https:\/\/cumberland.education\/demo\/\",\"logo\":{\"@type\":\"ImageObject\",\"inLanguage\":\"fr-CA\",\"@id\":\"https:\/\/cumberland.education\/demo\/#\/schema\/logo\/image\/\",\"url\":\"https:\/\/cumberland.education\/demo\/wp-content\/uploads\/2024\/11\/cropped-logo-2-bon.jpg\",\"contentUrl\":\"https:\/\/cumberland.education\/demo\/wp-content\/uploads\/2024\/11\/cropped-logo-2-bon.jpg\",\"width\":512,\"height\":512,\"caption\":\"Photohen\"},\"image\":{\"@id\":\"https:\/\/cumberland.education\/demo\/#\/schema\/logo\/image\/\"}}]}<\/script>\n<!-- \/ Yoast SEO plugin. -->","yoast_head_json":{"title":"Nos Services de R\u00e9daction et de Copywriting Web - Photohen","robots":{"index":"index","follow":"follow","max-snippet":"max-snippet:-1","max-image-preview":"max-image-preview:large","max-video-preview":"max-video-preview:-1"},"canonical":"https:\/\/cumberland.education\/demo\/nos-services-de-redaction-et-de-copywriting-web\/","og_locale":"fr_CA","og_type":"article","og_title":"Nos Services de R\u00e9daction et de Copywriting Web - Photohen","og_description":"nous vous accompagnons dans la cr\u00e9ation de contenus puissants et optimis\u00e9s pour le web, afin d&#8217;attirer, captiver et convertir votre audience. Notre \u00e9quipe de r\u00e9dacteurs et de copywriters professionnels con\u00e7oit des textes sur mesure, parfaitement adapt\u00e9s \u00e0 votre image de marque et \u00e0 vos objectifs. Nous proposons la r\u00e9daction de contenu web, un service cl\u00e9 [&hellip;]","og_url":"https:\/\/cumberland.education\/demo\/nos-services-de-redaction-et-de-copywriting-web\/","og_site_name":"Photohen","article_modified_time":"2024-09-12T15:48:05+00:00","og_image":[{"url":"https:\/\/cumberland.education\/demo\/wp-content\/uploads\/2024\/09\/Capture-decran-2021-07-08-a-12.55.18-1-1024x679.png"}],"twitter_card":"summary_large_image","twitter_misc":{"Estimation du temps de lecture":"5 minutes"},"schema":{"@context":"https:\/\/schema.org","@graph":[{"@type":"WebPage","@id":"https:\/\/cumberland.education\/demo\/nos-services-de-redaction-et-de-copywriting-web\/","url":"https:\/\/cumberland.education\/demo\/nos-services-de-redaction-et-de-copywriting-web\/","name":"Nos Services de R\u00e9daction et de Copywriting Web - Photohen","isPartOf":{"@id":"https:\/\/cumberland.education\/demo\/#website"},"primaryImageOfPage":{"@id":"https:\/\/cumberland.education\/demo\/nos-services-de-redaction-et-de-copywriting-web\/#primaryimage"},"image":{"@id":"https:\/\/cumberland.education\/demo\/nos-services-de-redaction-et-de-copywriting-web\/#primaryimage"},"thumbnailUrl":"https:\/\/cumberland.education\/demo\/wp-content\/uploads\/2024\/09\/Capture-decran-2021-07-08-a-12.55.18-1-1024x679.png","datePublished":"2024-09-12T14:50:30+00:00","dateModified":"2024-09-12T15:48:05+00:00","breadcrumb":{"@id":"https:\/\/cumberland.education\/demo\/nos-services-de-redaction-et-de-copywriting-web\/#breadcrumb"},"inLanguage":"fr-CA","potentialAction":[{"@type":"ReadAction","target":["https:\/\/cumberland.education\/demo\/nos-services-de-redaction-et-de-copywriting-web\/"]}]},{"@type":"ImageObject","inLanguage":"fr-CA","@id":"https:\/\/cumberland.education\/demo\/nos-services-de-redaction-et-de-copywriting-web\/#primaryimage","url":"https:\/\/cumberland.education\/demo\/wp-content\/uploads\/2024\/09\/Capture-decran-2021-07-08-a-12.55.18-1.png","contentUrl":"https:\/\/cumberland.education\/demo\/wp-content\/uploads\/2024\/09\/Capture-decran-2021-07-08-a-12.55.18-1.png","width":1061,"height":704},{"@type":"BreadcrumbList","@id":"https:\/\/cumberland.education\/demo\/nos-services-de-redaction-et-de-copywriting-web\/#breadcrumb","itemListElement":[{"@type":"ListItem","position":1,"name":"Home","item":"https:\/\/cumberland.education\/demo\/"},{"@type":"ListItem","position":2,"name":"Nos Services de R\u00e9daction et de Copywriting Web"}]},{"@type":"WebSite","@id":"https:\/\/cumberland.education\/demo\/#website","url":"https:\/\/cumberland.education\/demo\/","name":"Photohen","description":"Immortalisez vos moments pr\u00e9cieux avec Photohen","publisher":{"@id":"https:\/\/cumberland.education\/demo\/#organization"},"potentialAction":[{"@type":"SearchAction","target":{"@type":"EntryPoint","urlTemplate":"https:\/\/cumberland.education\/demo\/?s={search_term_string}"},"query-input":{"@type":"PropertyValueSpecification","valueRequired":true,"valueName":"search_term_string"}}],"inLanguage":"fr-CA"},{"@type":"Organization","@id":"https:\/\/cumberland.education\/demo\/#organization","name":"Photohen","url":"https:\/\/cumberland.education\/demo\/","logo":{"@type":"ImageObject","inLanguage":"fr-CA","@id":"https:\/\/cumberland.education\/demo\/#\/schema\/logo\/image\/","url":"https:\/\/cumberland.education\/demo\/wp-content\/uploads\/2024\/11\/cropped-logo-2-bon.jpg","contentUrl":"https:\/\/cumberland.education\/demo\/wp-content\/uploads\/2024\/11\/cropped-logo-2-bon.jpg","width":512,"height":512,"caption":"Photohen"},"image":{"@id":"https:\/\/cumberland.education\/demo\/#\/schema\/logo\/image\/"}}]}},"_links":{"self":[{"href":"https:\/\/cumberland.education\/demo\/wp-json\/wp\/v2\/pages\/3101","targetHints":{"allow":["GET"]}}],"collection":[{"href":"https:\/\/cumberland.education\/demo\/wp-json\/wp\/v2\/pages"}],"about":[{"href":"https:\/\/cumberland.education\/demo\/wp-json\/wp\/v2\/types\/page"}],"author":[{"embeddable":true,"href":"https:\/\/cumberland.education\/demo\/wp-json\/wp\/v2\/users\/81"}],"replies":[{"embeddable":true,"href":"https:\/\/cumberland.education\/demo\/wp-json\/wp\/v2\/comments?post=3101"}],"version-history":[{"count":2,"href":"https:\/\/cumberland.education\/demo\/wp-json\/wp\/v2\/pages\/3101\/revisions"}],"predecessor-version":[{"id":3233,"href":"https:\/\/cumberland.education\/demo\/wp-json\/wp\/v2\/pages\/3101\/revisions\/3233"}],"wp:attachment":[{"href":"https:\/\/cumberland.education\/demo\/wp-json\/wp\/v2\/media?parent=3101"}],"curies":[{"name":"wp","href":"https:\/\/api.w.org\/{rel}","templated":true}]}}