{"id":2968,"date":"2024-09-12T14:48:22","date_gmt":"2024-09-12T14:48:22","guid":{"rendered":"https:\/\/cumberland.education\/demo\/?page_id=2968"},"modified":"2024-09-12T14:48:24","modified_gmt":"2024-09-12T14:48:24","slug":"programmation-html","status":"publish","type":"page","link":"https:\/\/cumberland.education\/demo\/programmation-html\/","title":{"rendered":"comment faire une\u00a0programmation HTML"},"content":{"rendered":"\n<figure class=\"wp-block-image size-full is-resized\"><img fetchpriority=\"high\" decoding=\"async\" width=\"1000\" height=\"667\" src=\"https:\/\/cumberland.education\/demo\/wp-content\/uploads\/2024\/09\/person-front-computer-working-html-1-1.jpg\" alt=\"Une personne qui travail sur sont ordinateur en lien avec la programmation HTML en buvant son caf\u00e9  \" class=\"wp-image-2987\" style=\"width:1200px;height:auto\" srcset=\"https:\/\/cumberland.education\/demo\/wp-content\/uploads\/2024\/09\/person-front-computer-working-html-1-1.jpg 1000w, https:\/\/cumberland.education\/demo\/wp-content\/uploads\/2024\/09\/person-front-computer-working-html-1-1-300x200.jpg 300w, https:\/\/cumberland.education\/demo\/wp-content\/uploads\/2024\/09\/person-front-computer-working-html-1-1-768x512.jpg 768w, https:\/\/cumberland.education\/demo\/wp-content\/uploads\/2024\/09\/person-front-computer-working-html-1-1-600x400.jpg 600w\" sizes=\"(max-width: 1000px) 100vw, 1000px\" \/><\/figure>\n\n\n\n<p>Apprenez \u00e0 cr\u00e9er des sites web impressionnants gr\u00e2ce \u00e0 notre guide complet sur &#8220;comment faire une programmation <a href=\"https:\/\/cumberland.education\/demo\/introduction-programmation-html-10-astuce-debut-a-expert\/\">HTML<\/a>&#8220;. Ma\u00eetrisez les bases du HTML, d\u00e9couvrez les meilleures pratiques et astuces pour structurer vos pages web de mani\u00e8re efficace et professionnelle. Que vous soyez d\u00e9butant ou que vous ayez d\u00e9j\u00e0 quelques notions en programmation, notre article d\u00e9taill\u00e9 vous accompagne pas \u00e0 pas dans l&#8217;apprentissage du HTML. Nous abordons des concepts essentiels comme les balises, les attributs, les \u00e9l\u00e9ments, et la structure de base d\u2019un document HTML. Vous trouverez \u00e9galement des exemples pratiques et des exercices pour mettre vos connaissances en application. D\u00e9couvrez comment enrichir vos pages web avec des liens, des images, des listes et des tableaux. Apprenez \u00e9galement \u00e0 utiliser les nouvelles fonctionnalit\u00e9s du HTML5 pour cr\u00e9er des sites web modernes et dynamiques. Nous vous proposons des ressources suppl\u00e9mentaires, telles que des \u00e9diteurs de code recommand\u00e9s, des outils de validation de code, et des tutoriels vid\u00e9o pour am\u00e9liorer votre apprentissage. Avec notre guide &#8220;comment faire une<a href=\"https:\/\/www.cumberland.college\/fr\/montreal\/cours\/programmation-html\/\"> programmation HTML<\/a>&#8220;, vous serez en mesure de concevoir des pages web attrayantes et fonctionnelles, optimis\u00e9es pour un affichage parfait sur tous les types d&#8217;\u00e9crans. Plongez dans l&#8217;univers fascinant de la programmation web et transformez vos id\u00e9es en r\u00e9alit\u00e9 digitale. \u0645\u0633\u062a\u0642\u0628\u0644 \u0627\u0644\u0648\u064a\u0628 \u064a\u0628\u062f\u0623 \u0647\u0646\u0627. Explorez le monde passionnant du d\u00e9veloppement web avec notre guide facile \u00e0 suivre. Que vous souhaitiez cr\u00e9er un blog personnel, un portfolio en ligne, ou m\u00eame lancer un site e-commerce, nos instructions claires et pr\u00e9cises vous donneront la confiance n\u00e9cessaire pour r\u00e9ussir. Ne manquez pas cette opportunit\u00e9 d&#8217;apprendre &#8220;<a href=\"https:\/\/developer.mozilla.org\/en-US\/docs\/Learn\/Getting_started_with_the_web\/HTML_basics\">comment faire une programmation HTML<\/a>&#8221; et de transformer vos projets web en succ\u00e8s! \u00a0Explorez le monde passionnant du d\u00e9veloppement web avec notre guide facile \u00e0 suivre. Que vous souhaitiez cr\u00e9er un blog personnel, un portfolio en ligne, ou m\u00eame lancer un site e-commerce, nos instructions claires et pr\u00e9cises vous donneront la confiance n\u00e9cessaire pour r\u00e9ussir. Ne manquez pas cette opportunit\u00e9 d&#8217;apprendre &#8220;comment faire une programmation HTML&#8221; et de transformer vos projets web en succ\u00e8s!<\/p>\n\n\n\n<p><\/p>\n\n\n\n<p><\/p>\n","protected":false},"excerpt":{"rendered":"<p>Apprenez \u00e0 cr\u00e9er des sites web impressionnants gr\u00e2ce \u00e0 notre guide complet sur &#8220;comment faire une programmation HTML&#8220;. Ma\u00eetrisez les bases du HTML, d\u00e9couvrez les meilleures pratiques et astuces pour structurer vos pages web de mani\u00e8re efficace et professionnelle. Que vous soyez d\u00e9butant ou que vous ayez d\u00e9j\u00e0 quelques notions en programmation, notre article d\u00e9taill\u00e9 [&hellip;]<\/p>\n","protected":false},"author":66,"featured_media":2983,"parent":0,"menu_order":0,"comment_status":"closed","ping_status":"closed","template":"","meta":{"footnotes":""},"class_list":["post-2968","page","type-page","status-publish","has-post-thumbnail","hentry","entry","has-media"],"yoast_head":"<!-- This site is optimized with the Yoast SEO plugin v23.6 - https:\/\/yoast.com\/wordpress\/plugins\/seo\/ -->\n<title>Comment faire une\u00a0programmation HTML<\/title>\n<meta name=\"description\" content=\"D\u00e9couvrez les bases de la programmation HTML. Apprenez la programmation HTML pour cr\u00e9er des sites web attrayants.\" \/>\n<meta name=\"robots\" content=\"index, follow, max-snippet:-1, max-image-preview:large, max-video-preview:-1\" \/>\n<link rel=\"canonical\" href=\"https:\/\/cumberland.education\/demo\/programmation-html\/\" \/>\n<meta property=\"og:locale\" content=\"fr_CA\" \/>\n<meta property=\"og:type\" content=\"article\" \/>\n<meta property=\"og:title\" content=\"Comment faire une\u00a0programmation HTML\" \/>\n<meta property=\"og:description\" content=\"D\u00e9couvrez les bases de la programmation HTML. Apprenez la programmation HTML pour cr\u00e9er des sites web attrayants.\" \/>\n<meta property=\"og:url\" content=\"https:\/\/cumberland.education\/demo\/programmation-html\/\" \/>\n<meta property=\"og:site_name\" content=\"Photohen\" \/>\n<meta property=\"article:modified_time\" content=\"2024-09-12T14:48:24+00:00\" \/>\n<meta property=\"og:image\" content=\"https:\/\/cumberland.education\/demo\/wp-content\/uploads\/2024\/09\/person-front-computer-working-html.jpg\" \/>\n\t<meta property=\"og:image:width\" content=\"900\" \/>\n\t<meta property=\"og:image:height\" content=\"599\" \/>\n\t<meta property=\"og:image:type\" content=\"image\/jpeg\" \/>\n<meta name=\"twitter:card\" content=\"summary_large_image\" \/>\n<meta name=\"twitter:label1\" content=\"Estimation du temps de lecture\" \/>\n\t<meta name=\"twitter:data1\" content=\"3 minutes\" \/>\n<script type=\"application\/ld+json\" class=\"yoast-schema-graph\">{\"@context\":\"https:\/\/schema.org\",\"@graph\":[{\"@type\":\"WebPage\",\"@id\":\"https:\/\/cumberland.education\/demo\/programmation-html\/\",\"url\":\"https:\/\/cumberland.education\/demo\/programmation-html\/\",\"name\":\"Comment faire une\u00a0programmation HTML\",\"isPartOf\":{\"@id\":\"https:\/\/cumberland.education\/demo\/#website\"},\"primaryImageOfPage\":{\"@id\":\"https:\/\/cumberland.education\/demo\/programmation-html\/#primaryimage\"},\"image\":{\"@id\":\"https:\/\/cumberland.education\/demo\/programmation-html\/#primaryimage\"},\"thumbnailUrl\":\"https:\/\/cumberland.education\/demo\/wp-content\/uploads\/2024\/09\/person-front-computer-working-html.jpg\",\"datePublished\":\"2024-09-12T14:48:22+00:00\",\"dateModified\":\"2024-09-12T14:48:24+00:00\",\"description\":\"D\u00e9couvrez les bases de la programmation HTML. Apprenez la programmation HTML pour cr\u00e9er des sites web attrayants.\",\"breadcrumb\":{\"@id\":\"https:\/\/cumberland.education\/demo\/programmation-html\/#breadcrumb\"},\"inLanguage\":\"fr-CA\",\"potentialAction\":[{\"@type\":\"ReadAction\",\"target\":[\"https:\/\/cumberland.education\/demo\/programmation-html\/\"]}]},{\"@type\":\"ImageObject\",\"inLanguage\":\"fr-CA\",\"@id\":\"https:\/\/cumberland.education\/demo\/programmation-html\/#primaryimage\",\"url\":\"https:\/\/cumberland.education\/demo\/wp-content\/uploads\/2024\/09\/person-front-computer-working-html.jpg\",\"contentUrl\":\"https:\/\/cumberland.education\/demo\/wp-content\/uploads\/2024\/09\/person-front-computer-working-html.jpg\",\"width\":900,\"height\":599,\"caption\":\"c'est une personne qui travail sur son ordinateur et buvant son caf\u00e9\"},{\"@type\":\"BreadcrumbList\",\"@id\":\"https:\/\/cumberland.education\/demo\/programmation-html\/#breadcrumb\",\"itemListElement\":[{\"@type\":\"ListItem\",\"position\":1,\"name\":\"Home\",\"item\":\"https:\/\/cumberland.education\/demo\/\"},{\"@type\":\"ListItem\",\"position\":2,\"name\":\"comment faire une\u00a0programmation HTML\"}]},{\"@type\":\"WebSite\",\"@id\":\"https:\/\/cumberland.education\/demo\/#website\",\"url\":\"https:\/\/cumberland.education\/demo\/\",\"name\":\"Photohen\",\"description\":\"Immortalisez vos moments pr\u00e9cieux avec Photohen\",\"publisher\":{\"@id\":\"https:\/\/cumberland.education\/demo\/#organization\"},\"potentialAction\":[{\"@type\":\"SearchAction\",\"target\":{\"@type\":\"EntryPoint\",\"urlTemplate\":\"https:\/\/cumberland.education\/demo\/?s={search_term_string}\"},\"query-input\":{\"@type\":\"PropertyValueSpecification\",\"valueRequired\":true,\"valueName\":\"search_term_string\"}}],\"inLanguage\":\"fr-CA\"},{\"@type\":\"Organization\",\"@id\":\"https:\/\/cumberland.education\/demo\/#organization\",\"name\":\"Photohen\",\"url\":\"https:\/\/cumberland.education\/demo\/\",\"logo\":{\"@type\":\"ImageObject\",\"inLanguage\":\"fr-CA\",\"@id\":\"https:\/\/cumberland.education\/demo\/#\/schema\/logo\/image\/\",\"url\":\"https:\/\/cumberland.education\/demo\/wp-content\/uploads\/2024\/11\/cropped-logo-2-bon.jpg\",\"contentUrl\":\"https:\/\/cumberland.education\/demo\/wp-content\/uploads\/2024\/11\/cropped-logo-2-bon.jpg\",\"width\":512,\"height\":512,\"caption\":\"Photohen\"},\"image\":{\"@id\":\"https:\/\/cumberland.education\/demo\/#\/schema\/logo\/image\/\"}}]}<\/script>\n<!-- \/ Yoast SEO plugin. -->","yoast_head_json":{"title":"Comment faire une\u00a0programmation HTML","description":"D\u00e9couvrez les bases de la programmation HTML. Apprenez la programmation HTML pour cr\u00e9er des sites web attrayants.","robots":{"index":"index","follow":"follow","max-snippet":"max-snippet:-1","max-image-preview":"max-image-preview:large","max-video-preview":"max-video-preview:-1"},"canonical":"https:\/\/cumberland.education\/demo\/programmation-html\/","og_locale":"fr_CA","og_type":"article","og_title":"Comment faire une\u00a0programmation HTML","og_description":"D\u00e9couvrez les bases de la programmation HTML. Apprenez la programmation HTML pour cr\u00e9er des sites web attrayants.","og_url":"https:\/\/cumberland.education\/demo\/programmation-html\/","og_site_name":"Photohen","article_modified_time":"2024-09-12T14:48:24+00:00","og_image":[{"width":900,"height":599,"url":"https:\/\/cumberland.education\/demo\/wp-content\/uploads\/2024\/09\/person-front-computer-working-html.jpg","type":"image\/jpeg"}],"twitter_card":"summary_large_image","twitter_misc":{"Estimation du temps de lecture":"3 minutes"},"schema":{"@context":"https:\/\/schema.org","@graph":[{"@type":"WebPage","@id":"https:\/\/cumberland.education\/demo\/programmation-html\/","url":"https:\/\/cumberland.education\/demo\/programmation-html\/","name":"Comment faire une\u00a0programmation HTML","isPartOf":{"@id":"https:\/\/cumberland.education\/demo\/#website"},"primaryImageOfPage":{"@id":"https:\/\/cumberland.education\/demo\/programmation-html\/#primaryimage"},"image":{"@id":"https:\/\/cumberland.education\/demo\/programmation-html\/#primaryimage"},"thumbnailUrl":"https:\/\/cumberland.education\/demo\/wp-content\/uploads\/2024\/09\/person-front-computer-working-html.jpg","datePublished":"2024-09-12T14:48:22+00:00","dateModified":"2024-09-12T14:48:24+00:00","description":"D\u00e9couvrez les bases de la programmation HTML. Apprenez la programmation HTML pour cr\u00e9er des sites web attrayants.","breadcrumb":{"@id":"https:\/\/cumberland.education\/demo\/programmation-html\/#breadcrumb"},"inLanguage":"fr-CA","potentialAction":[{"@type":"ReadAction","target":["https:\/\/cumberland.education\/demo\/programmation-html\/"]}]},{"@type":"ImageObject","inLanguage":"fr-CA","@id":"https:\/\/cumberland.education\/demo\/programmation-html\/#primaryimage","url":"https:\/\/cumberland.education\/demo\/wp-content\/uploads\/2024\/09\/person-front-computer-working-html.jpg","contentUrl":"https:\/\/cumberland.education\/demo\/wp-content\/uploads\/2024\/09\/person-front-computer-working-html.jpg","width":900,"height":599,"caption":"c'est une personne qui travail sur son ordinateur et buvant son caf\u00e9"},{"@type":"BreadcrumbList","@id":"https:\/\/cumberland.education\/demo\/programmation-html\/#breadcrumb","itemListElement":[{"@type":"ListItem","position":1,"name":"Home","item":"https:\/\/cumberland.education\/demo\/"},{"@type":"ListItem","position":2,"name":"comment faire une\u00a0programmation HTML"}]},{"@type":"WebSite","@id":"https:\/\/cumberland.education\/demo\/#website","url":"https:\/\/cumberland.education\/demo\/","name":"Photohen","description":"Immortalisez vos moments pr\u00e9cieux avec Photohen","publisher":{"@id":"https:\/\/cumberland.education\/demo\/#organization"},"potentialAction":[{"@type":"SearchAction","target":{"@type":"EntryPoint","urlTemplate":"https:\/\/cumberland.education\/demo\/?s={search_term_string}"},"query-input":{"@type":"PropertyValueSpecification","valueRequired":true,"valueName":"search_term_string"}}],"inLanguage":"fr-CA"},{"@type":"Organization","@id":"https:\/\/cumberland.education\/demo\/#organization","name":"Photohen","url":"https:\/\/cumberland.education\/demo\/","logo":{"@type":"ImageObject","inLanguage":"fr-CA","@id":"https:\/\/cumberland.education\/demo\/#\/schema\/logo\/image\/","url":"https:\/\/cumberland.education\/demo\/wp-content\/uploads\/2024\/11\/cropped-logo-2-bon.jpg","contentUrl":"https:\/\/cumberland.education\/demo\/wp-content\/uploads\/2024\/11\/cropped-logo-2-bon.jpg","width":512,"height":512,"caption":"Photohen"},"image":{"@id":"https:\/\/cumberland.education\/demo\/#\/schema\/logo\/image\/"}}]}},"_links":{"self":[{"href":"https:\/\/cumberland.education\/demo\/wp-json\/wp\/v2\/pages\/2968","targetHints":{"allow":["GET"]}}],"collection":[{"href":"https:\/\/cumberland.education\/demo\/wp-json\/wp\/v2\/pages"}],"about":[{"href":"https:\/\/cumberland.education\/demo\/wp-json\/wp\/v2\/types\/page"}],"author":[{"embeddable":true,"href":"https:\/\/cumberland.education\/demo\/wp-json\/wp\/v2\/users\/66"}],"replies":[{"embeddable":true,"href":"https:\/\/cumberland.education\/demo\/wp-json\/wp\/v2\/comments?post=2968"}],"version-history":[{"count":2,"href":"https:\/\/cumberland.education\/demo\/wp-json\/wp\/v2\/pages\/2968\/revisions"}],"predecessor-version":[{"id":3230,"href":"https:\/\/cumberland.education\/demo\/wp-json\/wp\/v2\/pages\/2968\/revisions\/3230"}],"wp:featuredmedia":[{"embeddable":true,"href":"https:\/\/cumberland.education\/demo\/wp-json\/wp\/v2\/media\/2983"}],"wp:attachment":[{"href":"https:\/\/cumberland.education\/demo\/wp-json\/wp\/v2\/media?parent=2968"}],"curies":[{"name":"wp","href":"https:\/\/api.w.org\/{rel}","templated":true}]}}