{"id":1958,"date":"2024-05-09T22:43:25","date_gmt":"2024-05-09T22:43:25","guid":{"rendered":"https:\/\/cumberland.education\/demo\/?page_id=1958"},"modified":"2024-05-09T23:11:36","modified_gmt":"2024-05-09T23:11:36","slug":"formation-en-analyse-de-donnees","status":"publish","type":"page","link":"https:\/\/cumberland.education\/demo\/formation-en-analyse-de-donnees\/","title":{"rendered":"Formation en Analyse de donn\u00e9es"},"content":{"rendered":"\n<figure class=\"wp-block-image size-full is-resized\"><img fetchpriority=\"high\" decoding=\"async\" width=\"750\" height=\"500\" src=\"https:\/\/cumberland.education\/demo\/wp-content\/uploads\/2024\/05\/4953364-ai.png\" alt=\"JHIOJOKP\nBIUYI?BUHK\" class=\"wp-image-2007\" style=\"width:371px;height:auto\" srcset=\"https:\/\/cumberland.education\/demo\/wp-content\/uploads\/2024\/05\/4953364-ai.png 750w, https:\/\/cumberland.education\/demo\/wp-content\/uploads\/2024\/05\/4953364-ai-300x200.png 300w, https:\/\/cumberland.education\/demo\/wp-content\/uploads\/2024\/05\/4953364-ai-600x400.png 600w\" sizes=\"(max-width: 750px) 100vw, 750px\" \/><\/figure>\n\n\n\n<p><a href=\"https:\/\/cumberland.education\/demo\/comment-faire-une-bonne-analyse-de-donnee\/\">L&#8217;analyse de donn\u00e9es<\/a> est devenue un pilier essentiel dans de nombreux domaines, des sciences sociales aux sciences de la sant\u00e9, en passant par les entreprises et le gouvernement. Avec l&#8217;explosion des donn\u00e9es disponibles, la capacit\u00e9 \u00e0 extraire des informations significatives \u00e0 partir de ces donn\u00e9es est devenue une comp\u00e9tence hautement recherch\u00e9e. Les formations en analyse de donn\u00e9es offrent aux individus la possibilit\u00e9 de d\u00e9velopper ces comp\u00e9tences cl\u00e9s et de les appliquer dans divers contextes professionnels.<\/p>\n\n\n\n<h2 class=\"wp-block-heading\">Pourquoi suivre une formation en analyse de donn\u00e9es ?<\/h2>\n\n\n\n<p>Les statistiques descriptives fournissent des outils pour r\u00e9sumer et d\u00e9crire les caract\u00e9ristiques principales d&#8217;un ensemble de donn\u00e9es. Elles comprennent des mesures telles que la moyenne, la m\u00e9diane, l&#8217;\u00e9cart &#8211; type, et la variance, ainsi que des graphiques comme les histogrammes et les diagrammes en bo\u00eete. <\/p>\n\n\n\n<h2 class=\"wp-block-heading\">Nos Services : <\/h2>\n","protected":false},"excerpt":{"rendered":"<p>L&#8217;analyse de donn\u00e9es est devenue un pilier essentiel dans de nombreux domaines, des sciences sociales aux sciences de la sant\u00e9, en passant par les entreprises et le gouvernement. Avec l&#8217;explosion des donn\u00e9es disponibles, la capacit\u00e9 \u00e0 extraire des informations significatives \u00e0 partir de ces donn\u00e9es est devenue une comp\u00e9tence hautement recherch\u00e9e. Les formations en analyse [&hellip;]<\/p>\n","protected":false},"author":48,"featured_media":0,"parent":0,"menu_order":0,"comment_status":"closed","ping_status":"closed","template":"","meta":{"footnotes":""},"class_list":["post-1958","page","type-page","status-publish","hentry","entry"],"yoast_head":"<!-- This site is optimized with the Yoast SEO plugin v23.6 - https:\/\/yoast.com\/wordpress\/plugins\/seo\/ -->\n<title>Formation en Analyse de donn\u00e9es - Photohen<\/title>\n<meta name=\"description\" content=\"Nous fournissons une formation en analyse de donn\u00e9e. Nos services vous permettrons de d\u00e9velopper les comp\u00e9tences pour faire de vous un expert.\" \/>\n<meta name=\"robots\" content=\"index, follow, max-snippet:-1, max-image-preview:large, max-video-preview:-1\" \/>\n<link rel=\"canonical\" href=\"https:\/\/cumberland.education\/demo\/formation-en-analyse-de-donnees\/\" \/>\n<meta property=\"og:locale\" content=\"fr_CA\" \/>\n<meta property=\"og:type\" content=\"article\" \/>\n<meta property=\"og:title\" content=\"Formation en Analyse de donn\u00e9es - Photohen\" \/>\n<meta property=\"og:description\" content=\"Nous fournissons une formation en analyse de donn\u00e9e. Nos services vous permettrons de d\u00e9velopper les comp\u00e9tences pour faire de vous un expert.\" \/>\n<meta property=\"og:url\" content=\"https:\/\/cumberland.education\/demo\/formation-en-analyse-de-donnees\/\" \/>\n<meta property=\"og:site_name\" content=\"Photohen\" \/>\n<meta property=\"article:modified_time\" content=\"2024-05-09T23:11:36+00:00\" \/>\n<meta property=\"og:image\" content=\"https:\/\/cumberland.education\/demo\/wp-content\/uploads\/2024\/05\/4953364-ai.png\" \/>\n<meta name=\"twitter:card\" content=\"summary_large_image\" \/>\n<meta name=\"twitter:label1\" content=\"Estimation du temps de lecture\" \/>\n\t<meta name=\"twitter:data1\" content=\"1 minute\" \/>\n<script type=\"application\/ld+json\" class=\"yoast-schema-graph\">{\"@context\":\"https:\/\/schema.org\",\"@graph\":[{\"@type\":\"WebPage\",\"@id\":\"https:\/\/cumberland.education\/demo\/formation-en-analyse-de-donnees\/\",\"url\":\"https:\/\/cumberland.education\/demo\/formation-en-analyse-de-donnees\/\",\"name\":\"Formation en Analyse de donn\u00e9es - Photohen\",\"isPartOf\":{\"@id\":\"https:\/\/cumberland.education\/demo\/#website\"},\"primaryImageOfPage\":{\"@id\":\"https:\/\/cumberland.education\/demo\/formation-en-analyse-de-donnees\/#primaryimage\"},\"image\":{\"@id\":\"https:\/\/cumberland.education\/demo\/formation-en-analyse-de-donnees\/#primaryimage\"},\"thumbnailUrl\":\"https:\/\/cumberland.education\/demo\/wp-content\/uploads\/2024\/05\/4953364-ai.png\",\"datePublished\":\"2024-05-09T22:43:25+00:00\",\"dateModified\":\"2024-05-09T23:11:36+00:00\",\"description\":\"Nous fournissons une formation en analyse de donn\u00e9e. Nos services vous permettrons de d\u00e9velopper les comp\u00e9tences pour faire de vous un expert.\",\"breadcrumb\":{\"@id\":\"https:\/\/cumberland.education\/demo\/formation-en-analyse-de-donnees\/#breadcrumb\"},\"inLanguage\":\"fr-CA\",\"potentialAction\":[{\"@type\":\"ReadAction\",\"target\":[\"https:\/\/cumberland.education\/demo\/formation-en-analyse-de-donnees\/\"]}]},{\"@type\":\"ImageObject\",\"inLanguage\":\"fr-CA\",\"@id\":\"https:\/\/cumberland.education\/demo\/formation-en-analyse-de-donnees\/#primaryimage\",\"url\":\"https:\/\/cumberland.education\/demo\/wp-content\/uploads\/2024\/05\/4953364-ai.png\",\"contentUrl\":\"https:\/\/cumberland.education\/demo\/wp-content\/uploads\/2024\/05\/4953364-ai.png\",\"width\":750,\"height\":500},{\"@type\":\"BreadcrumbList\",\"@id\":\"https:\/\/cumberland.education\/demo\/formation-en-analyse-de-donnees\/#breadcrumb\",\"itemListElement\":[{\"@type\":\"ListItem\",\"position\":1,\"name\":\"Home\",\"item\":\"https:\/\/cumberland.education\/demo\/\"},{\"@type\":\"ListItem\",\"position\":2,\"name\":\"Formation en Analyse de donn\u00e9es\"}]},{\"@type\":\"WebSite\",\"@id\":\"https:\/\/cumberland.education\/demo\/#website\",\"url\":\"https:\/\/cumberland.education\/demo\/\",\"name\":\"Photohen\",\"description\":\"Immortalisez vos moments pr\u00e9cieux avec Photohen\",\"publisher\":{\"@id\":\"https:\/\/cumberland.education\/demo\/#organization\"},\"potentialAction\":[{\"@type\":\"SearchAction\",\"target\":{\"@type\":\"EntryPoint\",\"urlTemplate\":\"https:\/\/cumberland.education\/demo\/?s={search_term_string}\"},\"query-input\":{\"@type\":\"PropertyValueSpecification\",\"valueRequired\":true,\"valueName\":\"search_term_string\"}}],\"inLanguage\":\"fr-CA\"},{\"@type\":\"Organization\",\"@id\":\"https:\/\/cumberland.education\/demo\/#organization\",\"name\":\"Photohen\",\"url\":\"https:\/\/cumberland.education\/demo\/\",\"logo\":{\"@type\":\"ImageObject\",\"inLanguage\":\"fr-CA\",\"@id\":\"https:\/\/cumberland.education\/demo\/#\/schema\/logo\/image\/\",\"url\":\"https:\/\/cumberland.education\/demo\/wp-content\/uploads\/2024\/11\/cropped-logo-2-bon.jpg\",\"contentUrl\":\"https:\/\/cumberland.education\/demo\/wp-content\/uploads\/2024\/11\/cropped-logo-2-bon.jpg\",\"width\":512,\"height\":512,\"caption\":\"Photohen\"},\"image\":{\"@id\":\"https:\/\/cumberland.education\/demo\/#\/schema\/logo\/image\/\"}}]}<\/script>\n<!-- \/ Yoast SEO plugin. -->","yoast_head_json":{"title":"Formation en Analyse de donn\u00e9es - Photohen","description":"Nous fournissons une formation en analyse de donn\u00e9e. Nos services vous permettrons de d\u00e9velopper les comp\u00e9tences pour faire de vous un expert.","robots":{"index":"index","follow":"follow","max-snippet":"max-snippet:-1","max-image-preview":"max-image-preview:large","max-video-preview":"max-video-preview:-1"},"canonical":"https:\/\/cumberland.education\/demo\/formation-en-analyse-de-donnees\/","og_locale":"fr_CA","og_type":"article","og_title":"Formation en Analyse de donn\u00e9es - Photohen","og_description":"Nous fournissons une formation en analyse de donn\u00e9e. Nos services vous permettrons de d\u00e9velopper les comp\u00e9tences pour faire de vous un expert.","og_url":"https:\/\/cumberland.education\/demo\/formation-en-analyse-de-donnees\/","og_site_name":"Photohen","article_modified_time":"2024-05-09T23:11:36+00:00","og_image":[{"url":"https:\/\/cumberland.education\/demo\/wp-content\/uploads\/2024\/05\/4953364-ai.png"}],"twitter_card":"summary_large_image","twitter_misc":{"Estimation du temps de lecture":"1 minute"},"schema":{"@context":"https:\/\/schema.org","@graph":[{"@type":"WebPage","@id":"https:\/\/cumberland.education\/demo\/formation-en-analyse-de-donnees\/","url":"https:\/\/cumberland.education\/demo\/formation-en-analyse-de-donnees\/","name":"Formation en Analyse de donn\u00e9es - Photohen","isPartOf":{"@id":"https:\/\/cumberland.education\/demo\/#website"},"primaryImageOfPage":{"@id":"https:\/\/cumberland.education\/demo\/formation-en-analyse-de-donnees\/#primaryimage"},"image":{"@id":"https:\/\/cumberland.education\/demo\/formation-en-analyse-de-donnees\/#primaryimage"},"thumbnailUrl":"https:\/\/cumberland.education\/demo\/wp-content\/uploads\/2024\/05\/4953364-ai.png","datePublished":"2024-05-09T22:43:25+00:00","dateModified":"2024-05-09T23:11:36+00:00","description":"Nous fournissons une formation en analyse de donn\u00e9e. Nos services vous permettrons de d\u00e9velopper les comp\u00e9tences pour faire de vous un expert.","breadcrumb":{"@id":"https:\/\/cumberland.education\/demo\/formation-en-analyse-de-donnees\/#breadcrumb"},"inLanguage":"fr-CA","potentialAction":[{"@type":"ReadAction","target":["https:\/\/cumberland.education\/demo\/formation-en-analyse-de-donnees\/"]}]},{"@type":"ImageObject","inLanguage":"fr-CA","@id":"https:\/\/cumberland.education\/demo\/formation-en-analyse-de-donnees\/#primaryimage","url":"https:\/\/cumberland.education\/demo\/wp-content\/uploads\/2024\/05\/4953364-ai.png","contentUrl":"https:\/\/cumberland.education\/demo\/wp-content\/uploads\/2024\/05\/4953364-ai.png","width":750,"height":500},{"@type":"BreadcrumbList","@id":"https:\/\/cumberland.education\/demo\/formation-en-analyse-de-donnees\/#breadcrumb","itemListElement":[{"@type":"ListItem","position":1,"name":"Home","item":"https:\/\/cumberland.education\/demo\/"},{"@type":"ListItem","position":2,"name":"Formation en Analyse de donn\u00e9es"}]},{"@type":"WebSite","@id":"https:\/\/cumberland.education\/demo\/#website","url":"https:\/\/cumberland.education\/demo\/","name":"Photohen","description":"Immortalisez vos moments pr\u00e9cieux avec Photohen","publisher":{"@id":"https:\/\/cumberland.education\/demo\/#organization"},"potentialAction":[{"@type":"SearchAction","target":{"@type":"EntryPoint","urlTemplate":"https:\/\/cumberland.education\/demo\/?s={search_term_string}"},"query-input":{"@type":"PropertyValueSpecification","valueRequired":true,"valueName":"search_term_string"}}],"inLanguage":"fr-CA"},{"@type":"Organization","@id":"https:\/\/cumberland.education\/demo\/#organization","name":"Photohen","url":"https:\/\/cumberland.education\/demo\/","logo":{"@type":"ImageObject","inLanguage":"fr-CA","@id":"https:\/\/cumberland.education\/demo\/#\/schema\/logo\/image\/","url":"https:\/\/cumberland.education\/demo\/wp-content\/uploads\/2024\/11\/cropped-logo-2-bon.jpg","contentUrl":"https:\/\/cumberland.education\/demo\/wp-content\/uploads\/2024\/11\/cropped-logo-2-bon.jpg","width":512,"height":512,"caption":"Photohen"},"image":{"@id":"https:\/\/cumberland.education\/demo\/#\/schema\/logo\/image\/"}}]}},"_links":{"self":[{"href":"https:\/\/cumberland.education\/demo\/wp-json\/wp\/v2\/pages\/1958","targetHints":{"allow":["GET"]}}],"collection":[{"href":"https:\/\/cumberland.education\/demo\/wp-json\/wp\/v2\/pages"}],"about":[{"href":"https:\/\/cumberland.education\/demo\/wp-json\/wp\/v2\/types\/page"}],"author":[{"embeddable":true,"href":"https:\/\/cumberland.education\/demo\/wp-json\/wp\/v2\/users\/48"}],"replies":[{"embeddable":true,"href":"https:\/\/cumberland.education\/demo\/wp-json\/wp\/v2\/comments?post=1958"}],"version-history":[{"count":4,"href":"https:\/\/cumberland.education\/demo\/wp-json\/wp\/v2\/pages\/1958\/revisions"}],"predecessor-version":[{"id":2117,"href":"https:\/\/cumberland.education\/demo\/wp-json\/wp\/v2\/pages\/1958\/revisions\/2117"}],"wp:attachment":[{"href":"https:\/\/cumberland.education\/demo\/wp-json\/wp\/v2\/media?parent=1958"}],"curies":[{"name":"wp","href":"https:\/\/api.w.org\/{rel}","templated":true}]}}