{"id":1885,"date":"2024-05-09T01:06:09","date_gmt":"2024-05-09T01:06:09","guid":{"rendered":"https:\/\/cumberland.education\/demo\/?page_id=1885"},"modified":"2024-09-17T14:34:12","modified_gmt":"2024-09-17T14:34:12","slug":"agence-referencement-naturel","status":"publish","type":"page","link":"https:\/\/cumberland.education\/demo\/agence-referencement-naturel\/","title":{"rendered":"Agence de r\u00e9f\u00e9rencement SEO"},"content":{"rendered":"\n<h2 class=\"wp-block-heading\"><strong>Qui sommes nous<\/strong>?<\/h2>\n\n\n\n<p>En collaborant avec notre agence de r\u00e9f\u00e9rencement SEO exp\u00e9riment\u00e9e, vous pouvez b\u00e9n\u00e9ficier d&#8217;une expertise sp\u00e9cialis\u00e9e, d&#8217;une approche strat\u00e9gique pour optimiser votre pr\u00e9sence en ligne. Le but? atteindre vos objectifs commerciaux. Nous travaillons<span style=\"color: rgb(13, 13, 13); font-family: S\u00f6hne, ui-sans-serif, system-ui, -apple-system, &quot;Segoe UI&quot;, Roboto, Ubuntu, Cantarell, &quot;Noto Sans&quot;, sans-serif, &quot;Helvetica Neue&quot;, Arial, &quot;Apple Color Emoji&quot;, &quot;Segoe UI Emoji&quot;, &quot;Segoe UI Symbol&quot;, &quot;Noto Color Emoji&quot;;\"> en \u00e9troite collaboration avec nos clients en utilisant des strat\u00e9gies personnalis\u00e9es<\/span>. <span style=\"color: rgb(13, 13, 13); font-family: S\u00f6hne, ui-sans-serif, system-ui, -apple-system, &quot;Segoe UI&quot;, Roboto, Ubuntu, Cantarell, &quot;Noto Sans&quot;, sans-serif, &quot;Helvetica Neue&quot;, Arial, &quot;Apple Color Emoji&quot;, &quot;Segoe UI Emoji&quot;, &quot;Segoe UI Symbol&quot;, &quot;Noto Color Emoji&quot;;\">N<\/span>ous <span style=\"color: rgb(13, 13, 13); font-family: S\u00f6hne, ui-sans-serif, system-ui, -apple-system, &quot;Segoe UI&quot;, Roboto, Ubuntu, Cantarell, &quot;Noto Sans&quot;, sans-serif, &quot;Helvetica Neue&quot;, Arial, &quot;Apple Color Emoji&quot;, &quot;Segoe UI Emoji&quot;, &quot;Segoe UI Symbol&quot;, &quot;Noto Color Emoji&quot;;\">vis<\/span>o<span style=\"color: rgb(13, 13, 13); font-family: S\u00f6hne, ui-sans-serif, system-ui, -apple-system, &quot;Segoe UI&quot;, Roboto, Ubuntu, Cantarell, &quot;Noto Sans&quot;, sans-serif, &quot;Helvetica Neue&quot;, Arial, &quot;Apple Color Emoji&quot;, &quot;Segoe UI Emoji&quot;, &quot;Segoe UI Symbol&quot;, &quot;Noto Color Emoji&quot;;\">n<\/span>s<span style=\"color: rgb(13, 13, 13); font-family: S\u00f6hne, ui-sans-serif, system-ui, -apple-system, &quot;Segoe UI&quot;, Roboto, Ubuntu, Cantarell, &quot;Noto Sans&quot;, sans-serif, &quot;Helvetica Neue&quot;, Arial, &quot;Apple Color Emoji&quot;, &quot;Segoe UI Emoji&quot;, &quot;Segoe UI Symbol&quot;, &quot;Noto Color Emoji&quot;;\"> \u00e0 contribuer de mani\u00e8re significative \u00e0 la croissance et succ\u00e8s \u00e0 long terme des entreprises<\/span> que nous aidons.<\/p>\n\n\n<div class=\"wp-block-image\">\n<figure class=\"aligncenter size-full is-resized\"><img fetchpriority=\"high\" decoding=\"async\" width=\"640\" height=\"427\" src=\"https:\/\/cumberland.education\/demo\/wp-content\/uploads\/2024\/05\/missions-agence-SEO-640x427-1.jpg\" alt=\"personnes en r\u00e9union travaillant dans une agence de marketing ciblant le r\u00e9f\u00e9rencement seo\" class=\"wp-image-1945\" style=\"width:577px;height:auto\" srcset=\"https:\/\/cumberland.education\/demo\/wp-content\/uploads\/2024\/05\/missions-agence-SEO-640x427-1.jpg 640w, https:\/\/cumberland.education\/demo\/wp-content\/uploads\/2024\/05\/missions-agence-SEO-640x427-1-300x200.jpg 300w, https:\/\/cumberland.education\/demo\/wp-content\/uploads\/2024\/05\/missions-agence-SEO-640x427-1-600x400.jpg 600w\" sizes=\"(max-width: 640px) 100vw, 640px\" \/><\/figure>\n<\/div>\n\n\n<h2 class=\"wp-block-heading\">Nos services SEO pour vos besoins<\/h2>\n\n\n\n<div class=\"wp-block-columns is-layout-flex wp-container-core-columns-is-layout-9d6595d7 wp-block-columns-is-layout-flex\">\n<div class=\"wp-block-column is-layout-flow wp-block-column-is-layout-flow\">\n<h2 class=\"wp-block-heading\"><strong>Audit SEO<\/strong><\/h2>\n\n\n\n<p>L&#8217;agence effectue une analyse approfondie de votre site web pour identifier les forces, les faiblesses et les opportunit\u00e9s d&#8217;optimisation. Cela inclut l&#8217;examen de l&#8217;architecture du site, des balises m\u00e9ta, de la vitesse de chargement et bien plus encore.<\/p>\n<\/div>\n\n\n\n<div class=\"wp-block-column is-layout-flow wp-block-column-is-layout-flow\">\n<h2 class=\"wp-block-heading\"><strong>Optimisation On-Page<\/strong><\/h2>\n\n\n\n<p>Optimiser le contenu et les \u00e9l\u00e9ments techniques de votre site web pour qu&#8217;ils soient mieux compris, class\u00e9s par les moteurs de recherche. Cela peut inclure l&#8217;optimisation des balises titre, des descriptions, des URL, des en-t\u00eates puis l&#8217;am\u00e9lioration de la structure et de la lisibilit\u00e9 du contenu.<\/p>\n<\/div>\n<\/div>\n\n\n\n<div class=\"wp-block-columns is-layout-flex wp-container-core-columns-is-layout-9d6595d7 wp-block-columns-is-layout-flex\">\n<div class=\"wp-block-column is-layout-flow wp-block-column-is-layout-flow\">\n<h2 class=\"wp-block-heading\"><strong>Netlinking (Backlinks)<\/strong><\/h2>\n\n\n\n<p>L&#8217;agence travaille \u00e0 d\u00e9velopper un profil de backlinks de qualit\u00e9 pour votre site web en obtenant des liens provenant de sites web pertinents haut en autorit\u00e9. Cela renforce l&#8217;autorit\u00e9 de votre site aux yeux des moteurs de recherche et am\u00e9liore son classement<\/p>\n<\/div>\n\n\n\n<div class=\"wp-block-column is-layout-flow wp-block-column-is-layout-flow\">\n<h2 class=\"wp-block-heading\"><strong>Cr\u00e9ation de contenu <\/strong><\/h2>\n\n\n\n<p>Les experts en contenu de l&#8217;agence de r\u00e9f\u00e9rencement SEO produisent du contenu de haute qualit\u00e9 et pertinent pour votre site web, en utilisant les mots-cl\u00e9s identifi\u00e9s pour attirer du trafic organique. Cela peut inclure la <a href=\"https:\/\/blog.hubspot.fr\/marketing\/conseils-referencement-articles\" target=\"_blank\" rel=\"noreferrer noopener\">cr\u00e9ation de blogs<\/a>, d&#8217;articles, de guides, de vid\u00e9os, et d&#8217;autres types de contenu engageant.<\/p>\n<\/div>\n\n\n\n<div class=\"wp-block-column is-layout-flow wp-block-column-is-layout-flow\">\n<h2 class=\"wp-block-heading\"><strong>Recherche de mots-cl\u00e9s<\/strong><\/h2>\n\n\n\n<p>L&#8217;agence effectue une recherche approfondie des mots-cl\u00e9s pertinents pour votre secteur d&#8217;activit\u00e9 et votre public cible. Ils identifient les termes les plus recherch\u00e9s et les moins concurrentiels pour les int\u00e9grer strat\u00e9giquement dans votre contenu.<\/p>\n<\/div>\n<\/div>\n\n\n\n<h2 class=\"wp-block-heading\">Notre expertise \u00e0 votre service<\/h2>\n\n\n\n<p>Avec l\u2019aide de notre agence vous serez guider \u00e0 travers nos \u00e9tapes qui expliquent <a href=\"https:\/\/cumberland.education\/demo\/comment-faire-du-seo\/\" target=\"_blank\" rel=\"noreferrer noopener\">comment faire du SEO<\/a>?<\/p>\n\n\n\n<div class=\"wp-block-stackable-button-group aligncenter stk-block-button-group stk-block stk-9f0cc5c\" data-block-id=\"9f0cc5c\"><style>.stk-9f0cc5c{margin-bottom:50px !important}<\/style><div class=\"stk-row stk-inner-blocks has-text-align-center stk-block-content stk-button-group\">\n<div class=\"wp-block-stackable-button stk-block-button has-text-align-center is-style-ghost stk-block stk-b5bb111\" data-block-id=\"b5bb111\"><style>.stk-b5bb111{margin-top:54px !important;margin-right:200px !important;right:-100px !important;bottom:-3px !important;left:100px !important}.stk-b5bb111 .stk-button{background:transparent !important}.stk-b5bb111 .stk-button:hover:after{background:transparent !important;opacity:1 !important}:where(.stk-hover-parent:hover,.stk-hover-parent.stk--is-hovered) .stk-b5bb111 .stk-button:after{background:transparent !important;opacity:1 !important}.stk-b5bb111 .stk-button:before{border-style:solid !important}<\/style><a class=\"stk-link stk-button stk--hover-effect-darken\" href=\"https:\/\/cumberland.education\/demo\/\"><span class=\"stk-button__inner-text\">Retour \u00e0 l&#8217;accueil<\/span><\/a><\/div>\n<\/div><\/div>\n","protected":false},"excerpt":{"rendered":"<p>Qui sommes nous? En collaborant avec notre agence de r\u00e9f\u00e9rencement SEO exp\u00e9riment\u00e9e, vous pouvez b\u00e9n\u00e9ficier d&#8217;une expertise sp\u00e9cialis\u00e9e, d&#8217;une approche strat\u00e9gique pour optimiser votre pr\u00e9sence en ligne. Le but? atteindre vos objectifs commerciaux. Nous travaillons en \u00e9troite collaboration avec nos clients en utilisant des strat\u00e9gies personnalis\u00e9es. Nous visons \u00e0 contribuer de mani\u00e8re significative \u00e0 la [&hellip;]<\/p>\n","protected":false},"author":51,"featured_media":0,"parent":0,"menu_order":0,"comment_status":"closed","ping_status":"closed","template":"","meta":{"footnotes":""},"class_list":["post-1885","page","type-page","status-publish","hentry","entry"],"yoast_head":"<!-- This site is optimized with the Yoast SEO plugin v23.6 - https:\/\/yoast.com\/wordpress\/plugins\/seo\/ -->\n<title>Agence de r\u00e9f\u00e9rencement seo \u00e0 Montr\u00e9al<\/title>\n<meta name=\"description\" content=\"Nous sommes une agence de r\u00e9f\u00e9rencement seo situ\u00e9e \u00e0 Montr\u00e9al qui offre ses services aux entreprises et aux entrepreneurs.\" \/>\n<meta name=\"robots\" content=\"index, follow, max-snippet:-1, max-image-preview:large, max-video-preview:-1\" \/>\n<link rel=\"canonical\" href=\"https:\/\/cumberland.education\/demo\/agence-referencement-naturel\/\" \/>\n<meta property=\"og:locale\" content=\"fr_CA\" \/>\n<meta property=\"og:type\" content=\"article\" \/>\n<meta property=\"og:title\" content=\"Agence de r\u00e9f\u00e9rencement seo \u00e0 Montr\u00e9al\" \/>\n<meta property=\"og:description\" content=\"Nous sommes une agence de r\u00e9f\u00e9rencement seo situ\u00e9e \u00e0 Montr\u00e9al qui offre ses services aux entreprises et aux entrepreneurs.\" \/>\n<meta property=\"og:url\" content=\"https:\/\/cumberland.education\/demo\/agence-referencement-naturel\/\" \/>\n<meta property=\"og:site_name\" content=\"Photohen\" \/>\n<meta property=\"article:modified_time\" content=\"2024-09-17T14:34:12+00:00\" \/>\n<meta property=\"og:image\" content=\"https:\/\/cumberland.education\/demo\/wp-content\/uploads\/2024\/05\/missions-agence-SEO-640x427-1.jpg\" \/>\n<meta name=\"twitter:card\" content=\"summary_large_image\" \/>\n<meta name=\"twitter:label1\" content=\"Estimation du temps de lecture\" \/>\n\t<meta name=\"twitter:data1\" content=\"2 minutes\" \/>\n<script type=\"application\/ld+json\" class=\"yoast-schema-graph\">{\"@context\":\"https:\/\/schema.org\",\"@graph\":[{\"@type\":\"WebPage\",\"@id\":\"https:\/\/cumberland.education\/demo\/agence-referencement-naturel\/\",\"url\":\"https:\/\/cumberland.education\/demo\/agence-referencement-naturel\/\",\"name\":\"Agence de r\u00e9f\u00e9rencement seo \u00e0 Montr\u00e9al\",\"isPartOf\":{\"@id\":\"https:\/\/cumberland.education\/demo\/#website\"},\"primaryImageOfPage\":{\"@id\":\"https:\/\/cumberland.education\/demo\/agence-referencement-naturel\/#primaryimage\"},\"image\":{\"@id\":\"https:\/\/cumberland.education\/demo\/agence-referencement-naturel\/#primaryimage\"},\"thumbnailUrl\":\"https:\/\/cumberland.education\/demo\/wp-content\/uploads\/2024\/05\/missions-agence-SEO-640x427-1.jpg\",\"datePublished\":\"2024-05-09T01:06:09+00:00\",\"dateModified\":\"2024-09-17T14:34:12+00:00\",\"description\":\"Nous sommes une agence de r\u00e9f\u00e9rencement seo situ\u00e9e \u00e0 Montr\u00e9al qui offre ses services aux entreprises et aux entrepreneurs.\",\"breadcrumb\":{\"@id\":\"https:\/\/cumberland.education\/demo\/agence-referencement-naturel\/#breadcrumb\"},\"inLanguage\":\"fr-CA\",\"potentialAction\":[{\"@type\":\"ReadAction\",\"target\":[\"https:\/\/cumberland.education\/demo\/agence-referencement-naturel\/\"]}]},{\"@type\":\"ImageObject\",\"inLanguage\":\"fr-CA\",\"@id\":\"https:\/\/cumberland.education\/demo\/agence-referencement-naturel\/#primaryimage\",\"url\":\"https:\/\/cumberland.education\/demo\/wp-content\/uploads\/2024\/05\/missions-agence-SEO-640x427-1.jpg\",\"contentUrl\":\"https:\/\/cumberland.education\/demo\/wp-content\/uploads\/2024\/05\/missions-agence-SEO-640x427-1.jpg\",\"width\":640,\"height\":427},{\"@type\":\"BreadcrumbList\",\"@id\":\"https:\/\/cumberland.education\/demo\/agence-referencement-naturel\/#breadcrumb\",\"itemListElement\":[{\"@type\":\"ListItem\",\"position\":1,\"name\":\"Home\",\"item\":\"https:\/\/cumberland.education\/demo\/\"},{\"@type\":\"ListItem\",\"position\":2,\"name\":\"Agence de r\u00e9f\u00e9rencement SEO\"}]},{\"@type\":\"WebSite\",\"@id\":\"https:\/\/cumberland.education\/demo\/#website\",\"url\":\"https:\/\/cumberland.education\/demo\/\",\"name\":\"Photohen\",\"description\":\"Immortalisez vos moments pr\u00e9cieux avec Photohen\",\"publisher\":{\"@id\":\"https:\/\/cumberland.education\/demo\/#organization\"},\"potentialAction\":[{\"@type\":\"SearchAction\",\"target\":{\"@type\":\"EntryPoint\",\"urlTemplate\":\"https:\/\/cumberland.education\/demo\/?s={search_term_string}\"},\"query-input\":{\"@type\":\"PropertyValueSpecification\",\"valueRequired\":true,\"valueName\":\"search_term_string\"}}],\"inLanguage\":\"fr-CA\"},{\"@type\":\"Organization\",\"@id\":\"https:\/\/cumberland.education\/demo\/#organization\",\"name\":\"Photohen\",\"url\":\"https:\/\/cumberland.education\/demo\/\",\"logo\":{\"@type\":\"ImageObject\",\"inLanguage\":\"fr-CA\",\"@id\":\"https:\/\/cumberland.education\/demo\/#\/schema\/logo\/image\/\",\"url\":\"https:\/\/cumberland.education\/demo\/wp-content\/uploads\/2024\/11\/cropped-logo-2-bon.jpg\",\"contentUrl\":\"https:\/\/cumberland.education\/demo\/wp-content\/uploads\/2024\/11\/cropped-logo-2-bon.jpg\",\"width\":512,\"height\":512,\"caption\":\"Photohen\"},\"image\":{\"@id\":\"https:\/\/cumberland.education\/demo\/#\/schema\/logo\/image\/\"}}]}<\/script>\n<!-- \/ Yoast SEO plugin. -->","yoast_head_json":{"title":"Agence de r\u00e9f\u00e9rencement seo \u00e0 Montr\u00e9al","description":"Nous sommes une agence de r\u00e9f\u00e9rencement seo situ\u00e9e \u00e0 Montr\u00e9al qui offre ses services aux entreprises et aux entrepreneurs.","robots":{"index":"index","follow":"follow","max-snippet":"max-snippet:-1","max-image-preview":"max-image-preview:large","max-video-preview":"max-video-preview:-1"},"canonical":"https:\/\/cumberland.education\/demo\/agence-referencement-naturel\/","og_locale":"fr_CA","og_type":"article","og_title":"Agence de r\u00e9f\u00e9rencement seo \u00e0 Montr\u00e9al","og_description":"Nous sommes une agence de r\u00e9f\u00e9rencement seo situ\u00e9e \u00e0 Montr\u00e9al qui offre ses services aux entreprises et aux entrepreneurs.","og_url":"https:\/\/cumberland.education\/demo\/agence-referencement-naturel\/","og_site_name":"Photohen","article_modified_time":"2024-09-17T14:34:12+00:00","og_image":[{"url":"https:\/\/cumberland.education\/demo\/wp-content\/uploads\/2024\/05\/missions-agence-SEO-640x427-1.jpg"}],"twitter_card":"summary_large_image","twitter_misc":{"Estimation du temps de lecture":"2 minutes"},"schema":{"@context":"https:\/\/schema.org","@graph":[{"@type":"WebPage","@id":"https:\/\/cumberland.education\/demo\/agence-referencement-naturel\/","url":"https:\/\/cumberland.education\/demo\/agence-referencement-naturel\/","name":"Agence de r\u00e9f\u00e9rencement seo \u00e0 Montr\u00e9al","isPartOf":{"@id":"https:\/\/cumberland.education\/demo\/#website"},"primaryImageOfPage":{"@id":"https:\/\/cumberland.education\/demo\/agence-referencement-naturel\/#primaryimage"},"image":{"@id":"https:\/\/cumberland.education\/demo\/agence-referencement-naturel\/#primaryimage"},"thumbnailUrl":"https:\/\/cumberland.education\/demo\/wp-content\/uploads\/2024\/05\/missions-agence-SEO-640x427-1.jpg","datePublished":"2024-05-09T01:06:09+00:00","dateModified":"2024-09-17T14:34:12+00:00","description":"Nous sommes une agence de r\u00e9f\u00e9rencement seo situ\u00e9e \u00e0 Montr\u00e9al qui offre ses services aux entreprises et aux entrepreneurs.","breadcrumb":{"@id":"https:\/\/cumberland.education\/demo\/agence-referencement-naturel\/#breadcrumb"},"inLanguage":"fr-CA","potentialAction":[{"@type":"ReadAction","target":["https:\/\/cumberland.education\/demo\/agence-referencement-naturel\/"]}]},{"@type":"ImageObject","inLanguage":"fr-CA","@id":"https:\/\/cumberland.education\/demo\/agence-referencement-naturel\/#primaryimage","url":"https:\/\/cumberland.education\/demo\/wp-content\/uploads\/2024\/05\/missions-agence-SEO-640x427-1.jpg","contentUrl":"https:\/\/cumberland.education\/demo\/wp-content\/uploads\/2024\/05\/missions-agence-SEO-640x427-1.jpg","width":640,"height":427},{"@type":"BreadcrumbList","@id":"https:\/\/cumberland.education\/demo\/agence-referencement-naturel\/#breadcrumb","itemListElement":[{"@type":"ListItem","position":1,"name":"Home","item":"https:\/\/cumberland.education\/demo\/"},{"@type":"ListItem","position":2,"name":"Agence de r\u00e9f\u00e9rencement SEO"}]},{"@type":"WebSite","@id":"https:\/\/cumberland.education\/demo\/#website","url":"https:\/\/cumberland.education\/demo\/","name":"Photohen","description":"Immortalisez vos moments pr\u00e9cieux avec Photohen","publisher":{"@id":"https:\/\/cumberland.education\/demo\/#organization"},"potentialAction":[{"@type":"SearchAction","target":{"@type":"EntryPoint","urlTemplate":"https:\/\/cumberland.education\/demo\/?s={search_term_string}"},"query-input":{"@type":"PropertyValueSpecification","valueRequired":true,"valueName":"search_term_string"}}],"inLanguage":"fr-CA"},{"@type":"Organization","@id":"https:\/\/cumberland.education\/demo\/#organization","name":"Photohen","url":"https:\/\/cumberland.education\/demo\/","logo":{"@type":"ImageObject","inLanguage":"fr-CA","@id":"https:\/\/cumberland.education\/demo\/#\/schema\/logo\/image\/","url":"https:\/\/cumberland.education\/demo\/wp-content\/uploads\/2024\/11\/cropped-logo-2-bon.jpg","contentUrl":"https:\/\/cumberland.education\/demo\/wp-content\/uploads\/2024\/11\/cropped-logo-2-bon.jpg","width":512,"height":512,"caption":"Photohen"},"image":{"@id":"https:\/\/cumberland.education\/demo\/#\/schema\/logo\/image\/"}}]}},"_links":{"self":[{"href":"https:\/\/cumberland.education\/demo\/wp-json\/wp\/v2\/pages\/1885","targetHints":{"allow":["GET"]}}],"collection":[{"href":"https:\/\/cumberland.education\/demo\/wp-json\/wp\/v2\/pages"}],"about":[{"href":"https:\/\/cumberland.education\/demo\/wp-json\/wp\/v2\/types\/page"}],"author":[{"embeddable":true,"href":"https:\/\/cumberland.education\/demo\/wp-json\/wp\/v2\/users\/51"}],"replies":[{"embeddable":true,"href":"https:\/\/cumberland.education\/demo\/wp-json\/wp\/v2\/comments?post=1885"}],"version-history":[{"count":16,"href":"https:\/\/cumberland.education\/demo\/wp-json\/wp\/v2\/pages\/1885\/revisions"}],"predecessor-version":[{"id":2054,"href":"https:\/\/cumberland.education\/demo\/wp-json\/wp\/v2\/pages\/1885\/revisions\/2054"}],"wp:attachment":[{"href":"https:\/\/cumberland.education\/demo\/wp-json\/wp\/v2\/media?parent=1885"}],"curies":[{"name":"wp","href":"https:\/\/api.w.org\/{rel}","templated":true}]}}